{"id":3392,"date":"2018-02-25T15:07:19","date_gmt":"2018-02-25T15:07:19","guid":{"rendered":"http:\/\/el-puntazo.com\/?page_id=3392"},"modified":"2023-07-17T15:37:06","modified_gmt":"2023-07-17T15:37:06","slug":"about-us","status":"publish","type":"page","link":"https:\/\/el-puntazo.com\/en\/about-us\/","title":{"rendered":"ABOUT US"},"content":{"rendered":"<div id='layer_slider_1'  class='avia-layerslider main_color avia-shadow  avia-builder-el-0  el_before_av_section  avia-builder-el-first  container_wrap fullsize'  style='height: 501px; max-width: 1310px; margin: 0 auto;'  ><\/div>\n<div id='av_section_1'  class='avia-section av-cx3w9s-5ff176a501d0a69d632a9503b06414c8 main_color avia-section-default avia-no-shadow  avia-builder-el-1  el_after_av_layerslider  el_before_av_one_full  avia-bg-style-scroll container_wrap fullsize'  ><div class='container av-section-cont-open' ><div class='template-page content  av-content-full alpha units'><div class='post-entry post-entry-type-page post-entry-3392'><div class='entry-content-wrapper clearfix'>\n\n<style type=\"text\/css\" data-created_by=\"avia_inline_auto\" id=\"style-css-av-7y3pj4-3a3a904465cfc7246c112d95b020981b\">\n#top .av-special-heading.av-7y3pj4-3a3a904465cfc7246c112d95b020981b{\npadding-bottom:10px;\nfont-size:40px;\n}\nbody .av-special-heading.av-7y3pj4-3a3a904465cfc7246c112d95b020981b .av-special-heading-tag .heading-char{\nfont-size:25px;\n}\n#top #wrap_all .av-special-heading.av-7y3pj4-3a3a904465cfc7246c112d95b020981b .av-special-heading-tag{\nfont-size:40px;\n}\n.av-special-heading.av-7y3pj4-3a3a904465cfc7246c112d95b020981b .av-subheading{\nfont-size:15px;\n}\n<\/style>\n<div  class='av-special-heading av-7y3pj4-3a3a904465cfc7246c112d95b020981b av-special-heading-h1 blockquote modern-quote modern-centered  avia-builder-el-2  el_before_av_hr  avia-builder-el-first  av-inherit-size av-linked-heading'><h1 class='av-special-heading-tag'  itemprop=\"headline\"  >El Puntazo Estudio de Tango <\/h1><div class='av-subheading av-subheading_below'><p>ABOUT US<\/p>\n<\/div><div class=\"special-heading-border\"><div class=\"special-heading-inner-border\"><\/div><\/div><\/div>\n\n<style type=\"text\/css\" data-created_by=\"avia_inline_auto\" id=\"style-css-av-9rqqz4-ae94d66018b3dbbdc6afe354e61fba40\">\n#top .hr.av-9rqqz4-ae94d66018b3dbbdc6afe354e61fba40{\nmargin-top:30px;\nmargin-bottom:30px;\n}\n.hr.av-9rqqz4-ae94d66018b3dbbdc6afe354e61fba40 .hr-inner{\nwidth:150px;\nmax-width:45%;\n}\n<\/style>\n<div  class='hr av-9rqqz4-ae94d66018b3dbbdc6afe354e61fba40 hr-custom  avia-builder-el-3  el_after_av_heading  el_before_av_one_third  hr-center hr-icon-yes'><span class='hr-inner inner-border-av-border-thin'><span class=\"hr-inner-style\"><\/span><\/span><span class='av-seperator-icon' aria-hidden='true' data-av_icon='\ue87b' data-av_iconfont='entypo-fontello'><\/span><span class='hr-inner inner-border-av-border-thin'><span class=\"hr-inner-style\"><\/span><\/span><\/div>\n<div class='flex_column av-c0i76o-b3c4bade0399ac3bf4cb79e2a614b4b4 av_one_third  avia-builder-el-4  el_after_av_hr  el_before_av_two_third  first flex_column_div '   ><style type=\"text\/css\" data-created_by=\"avia_inline_auto\" id=\"style-css-av-lji4o6tk-f685cd46f6d497edea47601700c8434e\">\n.avia-image-container.av-lji4o6tk-f685cd46f6d497edea47601700c8434e .av-image-caption-overlay-center{\ncolor:#ffffff;\n}\n<\/style>\n<div  class='avia-image-container av-lji4o6tk-f685cd46f6d497edea47601700c8434e av-styling- avia-align-center  avia-builder-el-5  avia-builder-el-no-sibling '  itemprop=\"image\" itemscope=\"itemscope\" itemtype=\"https:\/\/schema.org\/ImageObject\" ><div class=\"avia-image-container-inner\"><div class=\"avia-image-overlay-wrap\"><img decoding=\"async\" class='wp-image-7512 avia-img-lazy-loading-not-7512 avia_image' src=\"https:\/\/el-puntazo.com\/wp-content\/uploads\/2023\/07\/foto-listadoFB-ad-2-square-scaled.jpg\" alt='' title='foto listadoFB ad 2 square'  height=\"2465\" width=\"2560\"  itemprop=\"thumbnailUrl\" srcset=\"https:\/\/el-puntazo.com\/wp-content\/uploads\/2023\/07\/foto-listadoFB-ad-2-square-scaled.jpg 2560w, https:\/\/el-puntazo.com\/wp-content\/uploads\/2023\/07\/foto-listadoFB-ad-2-square-300x289.jpg 300w, https:\/\/el-puntazo.com\/wp-content\/uploads\/2023\/07\/foto-listadoFB-ad-2-square-1030x992.jpg 1030w, https:\/\/el-puntazo.com\/wp-content\/uploads\/2023\/07\/foto-listadoFB-ad-2-square-768x739.jpg 768w, https:\/\/el-puntazo.com\/wp-content\/uploads\/2023\/07\/foto-listadoFB-ad-2-square-1536x1479.jpg 1536w, https:\/\/el-puntazo.com\/wp-content\/uploads\/2023\/07\/foto-listadoFB-ad-2-square-2048x1972.jpg 2048w, https:\/\/el-puntazo.com\/wp-content\/uploads\/2023\/07\/foto-listadoFB-ad-2-square-36x36.jpg 36w, https:\/\/el-puntazo.com\/wp-content\/uploads\/2023\/07\/foto-listadoFB-ad-2-square-1500x1444.jpg 1500w, https:\/\/el-puntazo.com\/wp-content\/uploads\/2023\/07\/foto-listadoFB-ad-2-square-705x679.jpg 705w\" sizes=\"(max-width: 2560px) 100vw, 2560px\" \/><\/div><\/div><\/div><\/div><div class='flex_column av-14erbk-88c98cf65ff6c326c22f25255a41fdf3 av_two_third  avia-builder-el-6  el_after_av_one_third  avia-builder-el-last  flex_column_div '   ><section  class='av_textblock_section av-lji4q0tz-5561e44f602d11b4374471aa707c7347'  itemscope=\"itemscope\" itemtype=\"https:\/\/schema.org\/CreativeWork\" ><div class='avia_textblock'  itemprop=\"text\" ><h1 style=\"text-align: center;\">School of Argentine Tango in Barcelona<\/h1>\n<p>El Puntazo Studio is a warm and welcoming studio in Barcelona with a retro style and an unmistakable passion for Tango.<\/p>\n<p>A place full of history, which has been part of the careers of dancers from different generations and disciplines was reborn in 2017 as a Tango studio, led by <a href=\"https:\/\/francesca-vaccari-tango.com\/bailarina-de-tango\/\" target=\"_blank\" rel=\"noopener\">Francesca Vaccari<\/a>, who has been directing this artistic-cultural project from the beginning.<\/p>\n<p>In El Puntazo&#8217;s Tango classes, dance is crafted with unwavering patience and unwavering dedication, blending the timeless essence of the past with the contemporary knowledge of today. Every detail makes a difference to create a genuine, authentic dance that comes from within and radiates outward.<\/p>\n<p>Alongside regular classes with Francesca Vaccari, throughout our studios history we have been host to renowned teachers of Argentine Tango, such as Elina Rold\u00e1n, Roxana Su\u00e1rez, Diego Escobar, Karina Colmeiro, Claudio Hoffmann, Rojer Zalazar, Miriam Coppello, Cristian Correa, and Hern\u00e1n Ohaco.<\/p>\n<p>We are preparing many new features and surprises for the upcoming season, so be sure to check the <a href=\"https:\/\/el-puntazo.com\/en\/news\/\">news section<\/a> to stay informed about all exciting events.<\/p>\n<\/div><\/section><\/div><\/div><\/div><\/div><!-- close content main div --><\/div><\/div><div id='after_section_1'  class='main_color av_default_container_wrap container_wrap fullsize'  ><div class='container av-section-cont-open' ><div class='template-page content  av-content-full alpha units'><div class='post-entry post-entry-type-page post-entry-3392'><div class='entry-content-wrapper clearfix'><div class='flex_column av-2bgecw-bbfba05fe83230fa2666427af4900901 av_one_full  avia-builder-el-8  el_after_av_section  el_before_av_one_full  avia-builder-el-first  first flex_column_div '   ><style type=\"text\/css\" data-created_by=\"avia_inline_auto\" id=\"style-css-av-lji4zlh3-e0228f18e54f5922eb9ec9db5ba608c4\">\n#top .av-special-heading.av-lji4zlh3-e0228f18e54f5922eb9ec9db5ba608c4{\npadding-bottom:10px;\n}\nbody .av-special-heading.av-lji4zlh3-e0228f18e54f5922eb9ec9db5ba608c4 .av-special-heading-tag .heading-char{\nfont-size:25px;\n}\n.av-special-heading.av-lji4zlh3-e0228f18e54f5922eb9ec9db5ba608c4 .av-subheading{\nfont-size:15px;\n}\n<\/style>\n<div  class='av-special-heading av-lji4zlh3-e0228f18e54f5922eb9ec9db5ba608c4 av-special-heading-h2 blockquote modern-quote modern-centered  avia-builder-el-9  avia-builder-el-no-sibling '><h2 class='av-special-heading-tag'  itemprop=\"headline\"  >Friends of our Studio<\/h2><div class=\"special-heading-border\"><div class=\"special-heading-inner-border\"><\/div><\/div><\/div><\/div><\/p>\n<div class='flex_column av-1uwc0w-7e7d904a8d24edde20380e302710d313 av_one_full  avia-builder-el-10  el_after_av_one_full  avia-builder-el-last  first flex_column_div column-top-margin'   ><div id='av-masonry-1' class='av-masonry av-limiq5vn-22d877a11793470e6e61bb8a7f541a96 noHover av-flex-size av-large-gap av-hover-overlay- av-masonry-animation-active av-masonry-col-flexible av-caption-always av-caption-style- av-masonry-gallery '><div class=\"av-masonry-container isotope av-js-disabled\"><div class='av-masonry-entry isotope-item av-masonry-item-no-image '><\/div><div id='av-masonry-1-item-7026' data-av-masonry-item='7026' class='av-masonry-entry isotope-item post-7026 attachment type-attachment status-inherit hentry  av-masonry-item-with-image'   itemprop=\"thumbnailUrl\" ><div class='av-inner-masonry-sizer'><\/div><figure class='av-inner-masonry main_color'><div class=\"av-masonry-outerimage-container\"><div class='av-masonry-image-container'   ><img decoding=\"async\" width=\"461\" height=\"705\" class=\"wp-image-7026 avia-img-lazy-loading-not-7026\"  src=\"https:\/\/el-puntazo.com\/wp-content\/uploads\/2023\/06\/30-461x705.jpg\" title=\"30\" alt=\"\" srcset=\"https:\/\/el-puntazo.com\/wp-content\/uploads\/2023\/06\/30-461x705.jpg 461w, https:\/\/el-puntazo.com\/wp-content\/uploads\/2023\/06\/30-196x300.jpg 196w, https:\/\/el-puntazo.com\/wp-content\/uploads\/2023\/06\/30-674x1030.jpg 674w, https:\/\/el-puntazo.com\/wp-content\/uploads\/2023\/06\/30-768x1173.jpg 768w, https:\/\/el-puntazo.com\/wp-content\/uploads\/2023\/06\/30-1005x1536.jpg 1005w, https:\/\/el-puntazo.com\/wp-content\/uploads\/2023\/06\/30-1341x2048.jpg 1341w, https:\/\/el-puntazo.com\/wp-content\/uploads\/2023\/06\/30-982x1500.jpg 982w, https:\/\/el-puntazo.com\/wp-content\/uploads\/2023\/06\/30-scaled.jpg 1676w\" sizes=\"(max-width: 461px) 100vw, 461px\" \/><\/div><\/div><\/figure><\/div><!--end av-masonry entry--><div id='av-masonry-1-item-7030' data-av-masonry-item='7030' class='av-masonry-entry isotope-item post-7030 attachment type-attachment status-inherit hentry  av-masonry-item-with-image'   itemprop=\"thumbnailUrl\" ><div class='av-inner-masonry-sizer'><\/div><figure class='av-inner-masonry main_color'><div class=\"av-masonry-outerimage-container\"><div class='av-masonry-image-container'   ><img decoding=\"async\" width=\"705\" height=\"470\" class=\"wp-image-7030 avia-img-lazy-loading-not-7030\"  src=\"https:\/\/el-puntazo.com\/wp-content\/uploads\/2023\/06\/76ed58bc-a501-4a5c-b4de-3b3f95f1102e-705x470.jpg\" title=\"76ed58bc-a501-4a5c-b4de-3b3f95f1102e\" alt=\"\" srcset=\"https:\/\/el-puntazo.com\/wp-content\/uploads\/2023\/06\/76ed58bc-a501-4a5c-b4de-3b3f95f1102e-705x470.jpg 705w, https:\/\/el-puntazo.com\/wp-content\/uploads\/2023\/06\/76ed58bc-a501-4a5c-b4de-3b3f95f1102e-300x200.jpg 300w, https:\/\/el-puntazo.com\/wp-content\/uploads\/2023\/06\/76ed58bc-a501-4a5c-b4de-3b3f95f1102e-1030x686.jpg 1030w, https:\/\/el-puntazo.com\/wp-content\/uploads\/2023\/06\/76ed58bc-a501-4a5c-b4de-3b3f95f1102e-768x512.jpg 768w, https:\/\/el-puntazo.com\/wp-content\/uploads\/2023\/06\/76ed58bc-a501-4a5c-b4de-3b3f95f1102e-1536x1023.jpg 1536w, https:\/\/el-puntazo.com\/wp-content\/uploads\/2023\/06\/76ed58bc-a501-4a5c-b4de-3b3f95f1102e-1500x999.jpg 1500w, https:\/\/el-puntazo.com\/wp-content\/uploads\/2023\/06\/76ed58bc-a501-4a5c-b4de-3b3f95f1102e.jpg 1600w\" sizes=\"(max-width: 705px) 100vw, 705px\" \/><\/div><\/div><\/figure><\/div><!--end av-masonry entry--><div id='av-masonry-1-item-7034' data-av-masonry-item='7034' class='av-masonry-entry isotope-item post-7034 attachment type-attachment status-inherit hentry  av-masonry-item-with-image'   itemprop=\"thumbnailUrl\" ><div class='av-inner-masonry-sizer'><\/div><figure class='av-inner-masonry main_color'><div class=\"av-masonry-outerimage-container\"><div class='av-masonry-image-container'   ><img decoding=\"async\" width=\"705\" height=\"516\" class=\"wp-image-7034 avia-img-lazy-loading-not-7034\"  src=\"https:\/\/el-puntazo.com\/wp-content\/uploads\/2023\/06\/314b9c01-6b65-4b0e-9475-9465df16aa5d-705x516.jpg\" title=\"314b9c01-6b65-4b0e-9475-9465df16aa5d\" alt=\"\" srcset=\"https:\/\/el-puntazo.com\/wp-content\/uploads\/2023\/06\/314b9c01-6b65-4b0e-9475-9465df16aa5d-705x516.jpg 705w, https:\/\/el-puntazo.com\/wp-content\/uploads\/2023\/06\/314b9c01-6b65-4b0e-9475-9465df16aa5d-300x220.jpg 300w, https:\/\/el-puntazo.com\/wp-content\/uploads\/2023\/06\/314b9c01-6b65-4b0e-9475-9465df16aa5d-1030x754.jpg 1030w, https:\/\/el-puntazo.com\/wp-content\/uploads\/2023\/06\/314b9c01-6b65-4b0e-9475-9465df16aa5d-768x563.jpg 768w, https:\/\/el-puntazo.com\/wp-content\/uploads\/2023\/06\/314b9c01-6b65-4b0e-9475-9465df16aa5d-1536x1125.jpg 1536w, https:\/\/el-puntazo.com\/wp-content\/uploads\/2023\/06\/314b9c01-6b65-4b0e-9475-9465df16aa5d-1500x1099.jpg 1500w, https:\/\/el-puntazo.com\/wp-content\/uploads\/2023\/06\/314b9c01-6b65-4b0e-9475-9465df16aa5d.jpg 1600w\" sizes=\"(max-width: 705px) 100vw, 705px\" \/><\/div><\/div><\/figure><\/div><!--end av-masonry entry--><div id='av-masonry-1-item-7038' data-av-masonry-item='7038' class='av-masonry-entry isotope-item post-7038 attachment type-attachment status-inherit hentry  av-masonry-item-with-image'   itemprop=\"thumbnailUrl\" ><div class='av-inner-masonry-sizer'><\/div><figure class='av-inner-masonry main_color'><div class=\"av-masonry-outerimage-container\"><div class='av-masonry-image-container'   ><img decoding=\"async\" width=\"705\" height=\"470\" class=\"wp-image-7038 avia-img-lazy-loading-not-7038\"  src=\"https:\/\/el-puntazo.com\/wp-content\/uploads\/2023\/06\/45715ee4-6a23-4b67-9bb6-2f974debc167-705x470.jpg\" title=\"45715ee4-6a23-4b67-9bb6-2f974debc167\" alt=\"\" srcset=\"https:\/\/el-puntazo.com\/wp-content\/uploads\/2023\/06\/45715ee4-6a23-4b67-9bb6-2f974debc167-705x470.jpg 705w, https:\/\/el-puntazo.com\/wp-content\/uploads\/2023\/06\/45715ee4-6a23-4b67-9bb6-2f974debc167-300x200.jpg 300w, https:\/\/el-puntazo.com\/wp-content\/uploads\/2023\/06\/45715ee4-6a23-4b67-9bb6-2f974debc167-1030x686.jpg 1030w, https:\/\/el-puntazo.com\/wp-content\/uploads\/2023\/06\/45715ee4-6a23-4b67-9bb6-2f974debc167-768x512.jpg 768w, https:\/\/el-puntazo.com\/wp-content\/uploads\/2023\/06\/45715ee4-6a23-4b67-9bb6-2f974debc167-1536x1023.jpg 1536w, https:\/\/el-puntazo.com\/wp-content\/uploads\/2023\/06\/45715ee4-6a23-4b67-9bb6-2f974debc167-1500x999.jpg 1500w, https:\/\/el-puntazo.com\/wp-content\/uploads\/2023\/06\/45715ee4-6a23-4b67-9bb6-2f974debc167.jpg 1600w\" sizes=\"(max-width: 705px) 100vw, 705px\" \/><\/div><\/div><\/figure><\/div><!--end av-masonry entry--><div id='av-masonry-1-item-7042' data-av-masonry-item='7042' class='av-masonry-entry isotope-item post-7042 attachment type-attachment status-inherit hentry  av-masonry-item-with-image'   itemprop=\"thumbnailUrl\" ><div class='av-inner-masonry-sizer'><\/div><figure class='av-inner-masonry main_color'><div class=\"av-masonry-outerimage-container\"><div class='av-masonry-image-container'   ><img decoding=\"async\" width=\"456\" height=\"705\" class=\"wp-image-7042 avia-img-lazy-loading-not-7042\"  src=\"https:\/\/el-puntazo.com\/wp-content\/uploads\/2023\/06\/18641917_434019240329862_6928428_o-456x705.jpg\" title=\"18641917_434019240329862_6928428_o\" alt=\"\" srcset=\"https:\/\/el-puntazo.com\/wp-content\/uploads\/2023\/06\/18641917_434019240329862_6928428_o-456x705.jpg 456w, https:\/\/el-puntazo.com\/wp-content\/uploads\/2023\/06\/18641917_434019240329862_6928428_o-194x300.jpg 194w, https:\/\/el-puntazo.com\/wp-content\/uploads\/2023\/06\/18641917_434019240329862_6928428_o-666x1030.jpg 666w, https:\/\/el-puntazo.com\/wp-content\/uploads\/2023\/06\/18641917_434019240329862_6928428_o-768x1187.jpg 768w, https:\/\/el-puntazo.com\/wp-content\/uploads\/2023\/06\/18641917_434019240329862_6928428_o-994x1536.jpg 994w, https:\/\/el-puntazo.com\/wp-content\/uploads\/2023\/06\/18641917_434019240329862_6928428_o-970x1500.jpg 970w, https:\/\/el-puntazo.com\/wp-content\/uploads\/2023\/06\/18641917_434019240329862_6928428_o.jpg 1325w\" sizes=\"(max-width: 456px) 100vw, 456px\" \/><\/div><\/div><\/figure><\/div><!--end av-masonry entry--><div id='av-masonry-1-item-7046' data-av-masonry-item='7046' class='av-masonry-entry isotope-item post-7046 attachment type-attachment status-inherit hentry  av-masonry-item-with-image'   itemprop=\"thumbnailUrl\" ><div class='av-inner-masonry-sizer'><\/div><figure class='av-inner-masonry main_color'><div class=\"av-masonry-outerimage-container\"><div class='av-masonry-image-container'   ><img decoding=\"async\" width=\"705\" height=\"470\" class=\"wp-image-7046 avia-img-lazy-loading-not-7046\"  src=\"https:\/\/el-puntazo.com\/wp-content\/uploads\/2023\/06\/f6f6eb78-9716-45cc-9c49-49a2da675170-705x470.jpg\" title=\"f6f6eb78-9716-45cc-9c49-49a2da675170\" alt=\"\" srcset=\"https:\/\/el-puntazo.com\/wp-content\/uploads\/2023\/06\/f6f6eb78-9716-45cc-9c49-49a2da675170-705x470.jpg 705w, https:\/\/el-puntazo.com\/wp-content\/uploads\/2023\/06\/f6f6eb78-9716-45cc-9c49-49a2da675170-300x200.jpg 300w, https:\/\/el-puntazo.com\/wp-content\/uploads\/2023\/06\/f6f6eb78-9716-45cc-9c49-49a2da675170-1030x687.jpg 1030w, https:\/\/el-puntazo.com\/wp-content\/uploads\/2023\/06\/f6f6eb78-9716-45cc-9c49-49a2da675170-768x512.jpg 768w, https:\/\/el-puntazo.com\/wp-content\/uploads\/2023\/06\/f6f6eb78-9716-45cc-9c49-49a2da675170.jpg 1080w\" sizes=\"(max-width: 705px) 100vw, 705px\" \/><\/div><\/div><\/figure><\/div><!--end av-masonry entry--><div id='av-masonry-1-item-7050' data-av-masonry-item='7050' class='av-masonry-entry isotope-item post-7050 attachment type-attachment status-inherit hentry  av-masonry-item-with-image'   itemprop=\"thumbnailUrl\" ><div class='av-inner-masonry-sizer'><\/div><figure class='av-inner-masonry main_color'><div class=\"av-masonry-outerimage-container\"><div class='av-masonry-image-container'   ><img decoding=\"async\" width=\"640\" height=\"640\" class=\"wp-image-7050 avia-img-lazy-loading-not-7050\"  src=\"https:\/\/el-puntazo.com\/wp-content\/uploads\/2023\/06\/IMG_1139.jpg\" title=\"IMG_1139\" alt=\"\" srcset=\"https:\/\/el-puntazo.com\/wp-content\/uploads\/2023\/06\/IMG_1139.jpg 640w, https:\/\/el-puntazo.com\/wp-content\/uploads\/2023\/06\/IMG_1139-300x300.jpg 300w, https:\/\/el-puntazo.com\/wp-content\/uploads\/2023\/06\/IMG_1139-80x80.jpg 80w, https:\/\/el-puntazo.com\/wp-content\/uploads\/2023\/06\/IMG_1139-36x36.jpg 36w, https:\/\/el-puntazo.com\/wp-content\/uploads\/2023\/06\/IMG_1139-180x180.jpg 180w\" sizes=\"(max-width: 640px) 100vw, 640px\" \/><\/div><\/div><\/figure><\/div><!--end av-masonry entry--><div id='av-masonry-1-item-7054' data-av-masonry-item='7054' class='av-masonry-entry isotope-item post-7054 attachment type-attachment status-inherit hentry  av-masonry-item-with-image'   itemprop=\"thumbnailUrl\" ><div class='av-inner-masonry-sizer'><\/div><figure class='av-inner-masonry main_color'><div class=\"av-masonry-outerimage-container\"><div class='av-masonry-image-container'   ><img decoding=\"async\" width=\"578\" height=\"705\" class=\"wp-image-7054 avia-img-lazy-loading-not-7054\"  src=\"https:\/\/el-puntazo.com\/wp-content\/uploads\/2023\/06\/IMG_4260-578x705.jpeg\" title=\"IMG_4260\" alt=\"\" srcset=\"https:\/\/el-puntazo.com\/wp-content\/uploads\/2023\/06\/IMG_4260-578x705.jpeg 578w, https:\/\/el-puntazo.com\/wp-content\/uploads\/2023\/06\/IMG_4260-246x300.jpeg 246w, https:\/\/el-puntazo.com\/wp-content\/uploads\/2023\/06\/IMG_4260-844x1030.jpeg 844w, https:\/\/el-puntazo.com\/wp-content\/uploads\/2023\/06\/IMG_4260-768x937.jpeg 768w, https:\/\/el-puntazo.com\/wp-content\/uploads\/2023\/06\/IMG_4260.jpeg 1125w\" sizes=\"(max-width: 578px) 100vw, 578px\" \/><\/div><\/div><\/figure><\/div><!--end av-masonry entry--><div id='av-masonry-1-item-7058' data-av-masonry-item='7058' class='av-masonry-entry isotope-item post-7058 attachment type-attachment status-inherit hentry  av-masonry-item-with-image'   itemprop=\"thumbnailUrl\" ><div class='av-inner-masonry-sizer'><\/div><figure class='av-inner-masonry main_color'><div class=\"av-masonry-outerimage-container\"><div class='av-masonry-image-container'   ><img decoding=\"async\" width=\"705\" height=\"543\" class=\"wp-image-7058 avia-img-lazy-loading-not-7058\"  src=\"https:\/\/el-puntazo.com\/wp-content\/uploads\/2023\/06\/prueba-1-705x543.jpg\" title=\"prueba 1\" alt=\"\" srcset=\"https:\/\/el-puntazo.com\/wp-content\/uploads\/2023\/06\/prueba-1-705x543.jpg 705w, https:\/\/el-puntazo.com\/wp-content\/uploads\/2023\/06\/prueba-1-300x231.jpg 300w, https:\/\/el-puntazo.com\/wp-content\/uploads\/2023\/06\/prueba-1-1030x793.jpg 1030w, https:\/\/el-puntazo.com\/wp-content\/uploads\/2023\/06\/prueba-1-768x592.jpg 768w, https:\/\/el-puntazo.com\/wp-content\/uploads\/2023\/06\/prueba-1-1536x1183.jpg 1536w, https:\/\/el-puntazo.com\/wp-content\/uploads\/2023\/06\/prueba-1-1500x1155.jpg 1500w, https:\/\/el-puntazo.com\/wp-content\/uploads\/2023\/06\/prueba-1.jpg 1606w\" sizes=\"(max-width: 705px) 100vw, 705px\" \/><\/div><\/div><\/figure><\/div><!--end av-masonry entry--><\/div><\/div><\/div>\n","protected":false},"excerpt":{"rendered":"","protected":false},"author":9,"featured_media":0,"parent":0,"menu_order":0,"comment_status":"closed","ping_status":"closed","template":"","meta":{"footnotes":""},"_links":{"self":[{"href":"https:\/\/el-puntazo.com\/en\/wp-json\/wp\/v2\/pages\/3392"}],"collection":[{"href":"https:\/\/el-puntazo.com\/en\/wp-json\/wp\/v2\/pages"}],"about":[{"href":"https:\/\/el-puntazo.com\/en\/wp-json\/wp\/v2\/types\/page"}],"author":[{"embeddable":true,"href":"https:\/\/el-puntazo.com\/en\/wp-json\/wp\/v2\/users\/9"}],"replies":[{"embeddable":true,"href":"https:\/\/el-puntazo.com\/en\/wp-json\/wp\/v2\/comments?post=3392"}],"version-history":[{"count":37,"href":"https:\/\/el-puntazo.com\/en\/wp-json\/wp\/v2\/pages\/3392\/revisions"}],"predecessor-version":[{"id":7981,"href":"https:\/\/el-puntazo.com\/en\/wp-json\/wp\/v2\/pages\/3392\/revisions\/7981"}],"wp:attachment":[{"href":"https:\/\/el-puntazo.com\/en\/wp-json\/wp\/v2\/media?parent=3392"}],"curies":[{"name":"wp","href":"https:\/\/api.w.org\/{rel}","templated":true}]}}