{"id":5340,"date":"2020-01-22T18:49:49","date_gmt":"2020-01-22T18:49:49","guid":{"rendered":"http:\/\/el-puntazo.com\/?page_id=5340"},"modified":"2024-12-20T19:21:46","modified_gmt":"2024-12-20T19:21:46","slug":"inscription-au-premier-cours","status":"publish","type":"page","link":"https:\/\/el-puntazo.com\/fr\/inscription-au-premier-cours\/","title":{"rendered":"inscription a la primera clase"},"content":{"rendered":"\n<style type=\"text\/css\" data-created_by=\"avia_inline_auto\" id=\"style-css-av-9nz61-c3cd4e03bfd0bcd81189ed9f2b060216\">\n.avia-section.av-9nz61-c3cd4e03bfd0bcd81189ed9f2b060216{\nbackground-color:#f7f7f7;\n}\n<\/style>\n<div id='av_section_1'  class='avia-section av-9nz61-c3cd4e03bfd0bcd81189ed9f2b060216 main_color avia-section-default avia-no-border-styling  avia-builder-el-0  avia-builder-el-no-sibling  avia-bg-style-scroll container_wrap fullsize'  ><div class='container av-section-cont-open' ><main  role=\"main\" itemprop=\"mainContentOfPage\"  class='template-page content  av-content-full alpha units'><div class='post-entry post-entry-type-page post-entry-5340'><div class='entry-content-wrapper clearfix'>\n\n<style type=\"text\/css\" data-created_by=\"avia_inline_auto\" id=\"style-css-av-k6rr461l-9a5aae926e6cf8abbbb87088b12a8984\">\n#top .av-special-heading.av-k6rr461l-9a5aae926e6cf8abbbb87088b12a8984{\npadding-bottom:10px;\n}\nbody .av-special-heading.av-k6rr461l-9a5aae926e6cf8abbbb87088b12a8984 .av-special-heading-tag .heading-char{\nfont-size:25px;\n}\n.av-special-heading.av-k6rr461l-9a5aae926e6cf8abbbb87088b12a8984 .av-subheading{\nfont-size:15px;\n}\n<\/style>\n<div  class='av-special-heading av-k6rr461l-9a5aae926e6cf8abbbb87088b12a8984 av-special-heading-h2 blockquote modern-quote modern-centered  avia-builder-el-1  el_before_av_one_fifth  avia-builder-el-first  av-linked-heading'><h2 class='av-special-heading-tag'  itemprop=\"headline\"  >INSCRIVEZ-VOUS \u00c0 VOTRE PREMIER COURS DE TANGO CHEZ EL PUNTAZO ESTUDIO DE TANGO !<\/h2><div class='av-subheading av-subheading_below'><p>Compl\u00e9tez tous les espaces du formulaire pour acc\u00e9der \u00e0 votre premier cours. Si vous venez accompagn\u00e9 merci de faire remplir le formulaire \u00e0 votre partenaire aussi.<\/p>\n<\/div><div class=\"special-heading-border\"><div class=\"special-heading-inner-border\"><\/div><\/div><\/div>\n\n<style type=\"text\/css\" data-created_by=\"avia_inline_auto\" id=\"style-css-av-55aumh-7ef188b1ae00f494902c3a8ff54b8d37\">\n.flex_column.av-55aumh-7ef188b1ae00f494902c3a8ff54b8d37{\nborder-radius:0px 0px 0px 0px;\n-webkit-border-radius:0px 0px 0px 0px;\n-moz-border-radius:0px 0px 0px 0px;\n}\n<\/style>\n<div class='flex_column av-55aumh-7ef188b1ae00f494902c3a8ff54b8d37 av_one_fifth  avia-builder-el-2  el_after_av_heading  el_before_av_three_fifth  first flex_column_div av-zero-column-padding '   ><\/div>\n<style type=\"text\/css\" data-created_by=\"avia_inline_auto\" id=\"style-css-av-4v6hc9-fdd92c8355151c8000303d861450898b\">\n.flex_column.av-4v6hc9-fdd92c8355151c8000303d861450898b{\nborder-width:1px;\nborder-color:#c6c6c6;\nborder-style:solid;\nborder-radius:25px 25px 25px 25px;\n-webkit-border-radius:25px 25px 25px 25px;\n-moz-border-radius:25px 25px 25px 25px;\npadding:20px 20px 20px 20px;\nbackground-color:#ffffff;\n}\n<\/style>\n<div class='flex_column av-4v6hc9-fdd92c8355151c8000303d861450898b av_three_fifth  avia-builder-el-3  el_after_av_one_fifth  el_before_av_one_fifth  flex_column_div '   ><section  class='av_textblock_section av-k5pnwafu-818a17b274effff26a51178302ba78d7'  itemscope=\"itemscope\" itemtype=\"https:\/\/schema.org\/CreativeWork\" ><div class='avia_textblock'  itemprop=\"text\" >\n<div class=\"wpcf7 no-js\" id=\"wpcf7-f5349-o1\" lang=\"es-ES\" dir=\"ltr\">\n<div class=\"screen-reader-response\"><p role=\"status\" aria-live=\"polite\" aria-atomic=\"true\"><\/p> <ul><\/ul><\/div>\n<form action=\"\/fr\/wp-json\/wp\/v2\/pages\/5340#wpcf7-f5349-o1\" method=\"post\" class=\"wpcf7-form init\" aria-label=\"Formulario de contacto\" novalidate=\"novalidate\" data-status=\"init\">\n<div style=\"display: none;\">\n<input type=\"hidden\" name=\"_wpcf7\" value=\"5349\" \/>\n<input type=\"hidden\" name=\"_wpcf7_version\" value=\"5.9.8\" \/>\n<input type=\"hidden\" name=\"_wpcf7_locale\" value=\"es_ES\" \/>\n<input type=\"hidden\" name=\"_wpcf7_unit_tag\" value=\"wpcf7-f5349-o1\" \/>\n<input type=\"hidden\" name=\"_wpcf7_container_post\" value=\"0\" \/>\n<input type=\"hidden\" name=\"_wpcf7_posted_data_hash\" value=\"\" \/>\n<input type=\"hidden\" name=\"_wpcf7_recaptcha_response\" value=\"\" \/>\n<\/div>\n<p><strong> Nom et pr\u00e9nom (obligatoire) <\/strong><br \/>\n<span class=\"wpcf7-form-control-wrap\" data-name=\"your-name\"><input size=\"40\" maxlength=\"400\" class=\"wpcf7-form-control wpcf7-text wpcf7-validates-as-required\" aria-required=\"true\" aria-invalid=\"false\" value=\"\" type=\"text\" name=\"your-name\" \/><\/span>\n<\/p>\n<p><strong>T\u00e9l\u00e9phone (whatsapp) (obligatoire) <\/strong><br \/>\n<span class=\"wpcf7-form-control-wrap\" data-name=\"tel-213\"><input size=\"40\" maxlength=\"400\" class=\"wpcf7-form-control wpcf7-tel wpcf7-validates-as-required wpcf7-text wpcf7-validates-as-tel\" aria-required=\"true\" aria-invalid=\"false\" value=\"\" type=\"tel\" name=\"tel-213\" \/><\/span>\n<\/p>\n<p><strong>E-mail (obligatoire) <\/strong><br \/>\n<span class=\"wpcf7-form-control-wrap\" data-name=\"your-email\"><input size=\"40\" maxlength=\"400\" class=\"wpcf7-form-control wpcf7-email wpcf7-validates-as-required wpcf7-text wpcf7-validates-as-email\" aria-required=\"true\" aria-invalid=\"false\" value=\"\" type=\"email\" name=\"your-email\" \/><\/span>\n<\/p>\n<p><strong>Adresse et code postal (obligatorio) <\/strong><br \/>\n<span class=\"wpcf7-form-control-wrap\" data-name=\"text-295\"><input size=\"40\" maxlength=\"400\" class=\"wpcf7-form-control wpcf7-text wpcf7-validates-as-required\" aria-required=\"true\" aria-invalid=\"false\" value=\"\" type=\"text\" name=\"text-295\" \/><\/span>\n<\/p>\n<p><strong>DNI o NIE -carte d'identit\u00e9- (obligatorio) <\/strong><br \/>\n<span class=\"wpcf7-form-control-wrap\" data-name=\"text-152\"><input size=\"40\" maxlength=\"400\" class=\"wpcf7-form-control wpcf7-text wpcf7-validates-as-required\" aria-required=\"true\" aria-invalid=\"false\" value=\"\" type=\"text\" name=\"text-152\" \/><\/span>\n<\/p>\n<p><strong> R\u00f4le <\/strong><br \/>\n<span class=\"wpcf7-form-control-wrap\" data-name=\"checkbox-401\"><span class=\"wpcf7-form-control wpcf7-checkbox\"><span class=\"wpcf7-list-item first\"><input type=\"checkbox\" name=\"checkbox-401[]\" value=\"Leader (conductor)\" \/><span class=\"wpcf7-list-item-label\">Leader (conductor)<\/span><\/span><span class=\"wpcf7-list-item last\"><input type=\"checkbox\" name=\"checkbox-401[]\" value=\"Follower (seguidor)\" \/><span class=\"wpcf7-list-item-label\">Follower (seguidor)<\/span><\/span><\/span><\/span>\n<\/p>\n<p><strong> Quel est votre niveau? <\/strong>\n<\/p>\n<p><span class=\"wpcf7-form-control-wrap\" data-name=\"menu-896\"><select class=\"wpcf7-form-control wpcf7-select\" aria-invalid=\"false\" name=\"menu-896\"><option value=\"---\">---<\/option><option value=\"d\u00e9butant  ( 0 - 6 mois)\">d\u00e9butant  ( 0 - 6 mois)<\/option><option value=\"d\u00e9butant niveau 2  ( 6 -12 mois)\">d\u00e9butant niveau 2  ( 6 -12 mois)<\/option><option value=\"Interm\u00e9diaire-avanc\u00e9 ( plus d\u2019un an)\">Interm\u00e9diaire-avanc\u00e9 ( plus d\u2019un an)<\/option><option value=\"technique pour leaders et followers (minimum 6 mois d&#039;exp\u00e9rience)\">technique pour leaders et followers (minimum 6 mois d&#039;exp\u00e9rience)<\/option><\/select><\/span>\n<\/p>\n<p><strong>Avez-vous un(e) partenaire? <\/strong><br \/>\n<span class=\"wpcf7-form-control-wrap\" data-name=\"checkbox-664\"><span class=\"wpcf7-form-control wpcf7-checkbox\"><span class=\"wpcf7-list-item first\"><input type=\"checkbox\" name=\"checkbox-664[]\" value=\"OUI (Il faut qu\u2019il\/elle remplisse le formulaire aussi )\" \/><span class=\"wpcf7-list-item-label\">OUI (Il faut qu\u2019il\/elle remplisse le formulaire aussi )<\/span><\/span><span class=\"wpcf7-list-item last\"><input type=\"checkbox\" name=\"checkbox-664[]\" value=\"NON\" \/><span class=\"wpcf7-list-item-label\">NON<\/span><\/span><\/span><\/span>\n<\/p>\n<p><strong> J'ai lu et accept\u00e9 le guide du cours et je souhaite rejoindre le PREMIER cours <\/strong><br \/>\n<span class=\"wpcf7-form-control-wrap\" data-name=\"radio-976\"><span class=\"wpcf7-form-control wpcf7-radio\"><span class=\"wpcf7-list-item first\"><input type=\"radio\" name=\"radio-976\" value=\"OUI\" checked=\"checked\" \/><span class=\"wpcf7-list-item-label\">OUI<\/span><\/span><span class=\"wpcf7-list-item last\"><input type=\"radio\" name=\"radio-976\" value=\"NON\" \/><span class=\"wpcf7-list-item-label\">NON<\/span><\/span><\/span><\/span>\n<\/p>\n<p><strong> Quand est-ce que vous voulez commencer? <\/strong><br \/>\n<span class=\"wpcf7-form-control-wrap\" data-name=\"date-780\"><input class=\"wpcf7-form-control wpcf7-date wpcf7-validates-as-date\" aria-invalid=\"false\" value=\"\" type=\"date\" name=\"date-780\" \/><\/span>\n<\/p>\n<p><strong> A quelle heure? <\/strong><br \/>\n<span class=\"wpcf7-form-control-wrap\" data-name=\"text-180\"><input size=\"40\" maxlength=\"400\" class=\"wpcf7-form-control wpcf7-text\" aria-invalid=\"false\" value=\"\" type=\"text\" name=\"text-180\" \/><\/span>\n<\/p>\n<p><strong> Comment est-ce que vous voulez r\u00e9gler le premier cours? <\/strong><br \/>\nSi vous d\u00e9cidez de vous inscrire ce mois-ci, le montant du cours d'essai sera d\u00e9duit de votre pack<br \/>\n<span class=\"wpcf7-form-control-wrap\" data-name=\"menu-120\"><select class=\"wpcf7-form-control wpcf7-select\" aria-invalid=\"false\" name=\"menu-120\"><option value=\"---\">---<\/option><option value=\"Bizum (+34 673 908852)\">Bizum (+34 673 908852)<\/option><option value=\"Paypal (@francescavtango) *commission Paypal non incluse\">Paypal (@francescavtango) *commission Paypal non incluse<\/option><option value=\"Par virement bancaire  (demandez le num\u00e9ro de compte)\">Par virement bancaire  (demandez le num\u00e9ro de compte)<\/option><\/select><\/span>\n<\/p>\n<p><span class=\"wpcf7-form-control-wrap\" data-name=\"acceptance-655\"><span class=\"wpcf7-form-control wpcf7-acceptance optional\"><span class=\"wpcf7-list-item\"><input type=\"checkbox\" name=\"acceptance-655\" value=\"1\" aria-invalid=\"false\" \/><\/span><\/span><\/span> J\u2019accepte la <a href=\"\/terminos-legales-y-politica-de-privacidad\/\" target=\"\u201d_blank\u201d\" rel=\"noopener\"> politique concernant la privacit\u00e9 des donn\u00e9es personnelles <\/a>\n<\/p>\n<p><span class=\"wpcf7-form-control-wrap\" data-name=\"acceptance-344\"><span class=\"wpcf7-form-control wpcf7-acceptance\"><span class=\"wpcf7-list-item\"><input type=\"checkbox\" name=\"acceptance-344\" value=\"1\" aria-invalid=\"false\" \/><\/span><\/span><\/span> Je comprends et j\u2019accepte la <a href=\"\/fr\/reservation-de-la-place-et-politique-dannulation\/\" target=\"\u201d_blank\u201d\" rel=\"noopener\"> POLITIQUE D\u2019ANNULATION <\/a>\n<\/p>\n<p>En remplissant ce formulaire, j'accepte d'\u00eatre inform\u00e9 de toutes les activit\u00e9s d'El Puntazo et j'accepte de recevoir la lettre d'information.\n<\/p>\n<p><input class=\"wpcf7-form-control wpcf7-submit has-spinner\" type=\"submit\" value=\"Envoyer\" \/>\n<\/p><p style=\"display: none !important;\" class=\"akismet-fields-container\" data-prefix=\"_wpcf7_ak_\"><label>&#916;<textarea name=\"_wpcf7_ak_hp_textarea\" cols=\"45\" rows=\"8\" maxlength=\"100\"><\/textarea><\/label><input type=\"hidden\" id=\"ak_js_1\" name=\"_wpcf7_ak_js\" value=\"45\"\/><script>document.getElementById( \"ak_js_1\" ).setAttribute( \"value\", ( new Date() ).getTime() );<\/script><\/p><div class=\"wpcf7-response-output\" aria-hidden=\"true\"><\/div>\n<\/form>\n<\/div>\n\n<div id=\"gtx-trans\" style=\"position: absolute; left: -88px; top: -2.40625px;\">\n<div class=\"gtx-trans-icon\"><\/div>\n<\/div>\n<\/div><\/section><\/div>\n<style type=\"text\/css\" data-created_by=\"avia_inline_auto\" id=\"style-css-av-1z2mi1-22fd497f654f4406c7726efb7d06c78b\">\n.flex_column.av-1z2mi1-22fd497f654f4406c7726efb7d06c78b{\nborder-radius:0px 0px 0px 0px;\n-webkit-border-radius:0px 0px 0px 0px;\n-moz-border-radius:0px 0px 0px 0px;\n}\n<\/style>\n<div class='flex_column av-1z2mi1-22fd497f654f4406c7726efb7d06c78b av_one_fifth  avia-builder-el-5  el_after_av_three_fifth  avia-builder-el-last  flex_column_div av-zero-column-padding '   ><\/div>\n","protected":false},"excerpt":{"rendered":"","protected":false},"author":9,"featured_media":0,"parent":0,"menu_order":0,"comment_status":"closed","ping_status":"closed","template":"","meta":{"footnotes":""},"_links":{"self":[{"href":"https:\/\/el-puntazo.com\/fr\/wp-json\/wp\/v2\/pages\/5340"}],"collection":[{"href":"https:\/\/el-puntazo.com\/fr\/wp-json\/wp\/v2\/pages"}],"about":[{"href":"https:\/\/el-puntazo.com\/fr\/wp-json\/wp\/v2\/types\/page"}],"author":[{"embeddable":true,"href":"https:\/\/el-puntazo.com\/fr\/wp-json\/wp\/v2\/users\/9"}],"replies":[{"embeddable":true,"href":"https:\/\/el-puntazo.com\/fr\/wp-json\/wp\/v2\/comments?post=5340"}],"version-history":[{"count":5,"href":"https:\/\/el-puntazo.com\/fr\/wp-json\/wp\/v2\/pages\/5340\/revisions"}],"predecessor-version":[{"id":5366,"href":"https:\/\/el-puntazo.com\/fr\/wp-json\/wp\/v2\/pages\/5340\/revisions\/5366"}],"wp:attachment":[{"href":"https:\/\/el-puntazo.com\/fr\/wp-json\/wp\/v2\/media?parent=5340"}],"curies":[{"name":"wp","href":"https:\/\/api.w.org\/{rel}","templated":true}]}}