{"id":5414,"date":"2020-03-02T17:53:54","date_gmt":"2020-03-02T17:53:54","guid":{"rendered":"http:\/\/el-puntazo.com\/?page_id=5414"},"modified":"2020-03-06T17:50:40","modified_gmt":"2020-03-06T17:50:40","slug":"keep-in-touch","status":"publish","type":"page","link":"https:\/\/el-puntazo.com\/fr\/keep-in-touch\/","title":{"rendered":"inscription a la primera clase Externo"},"content":{"rendered":"\n<style type=\"text\/css\" data-created_by=\"avia_inline_auto\" id=\"style-css-av-9nz61-c3cd4e03bfd0bcd81189ed9f2b060216\">\n.avia-section.av-9nz61-c3cd4e03bfd0bcd81189ed9f2b060216{\nbackground-color:#f7f7f7;\n}\n<\/style>\n<div id='av_section_1'  class='avia-section av-9nz61-c3cd4e03bfd0bcd81189ed9f2b060216 main_color avia-section-default avia-no-border-styling  avia-builder-el-0  avia-builder-el-no-sibling  avia-bg-style-scroll container_wrap fullsize'  ><div class='container av-section-cont-open' ><main  role=\"main\" itemprop=\"mainContentOfPage\"  class='template-page content  av-content-full alpha units'><div class='post-entry post-entry-type-page post-entry-5414'><div class='entry-content-wrapper clearfix'>\n\n<style type=\"text\/css\" data-created_by=\"avia_inline_auto\" id=\"style-css-av-k7arqyks-7ca4e5e090fe308d718ed34e795929ba\">\n#top .av-special-heading.av-k7arqyks-7ca4e5e090fe308d718ed34e795929ba{\npadding-bottom:10px;\n}\nbody .av-special-heading.av-k7arqyks-7ca4e5e090fe308d718ed34e795929ba .av-special-heading-tag .heading-char{\nfont-size:25px;\n}\n.av-special-heading.av-k7arqyks-7ca4e5e090fe308d718ed34e795929ba .av-subheading{\nfont-size:15px;\n}\n<\/style>\n<div  class='av-special-heading av-k7arqyks-7ca4e5e090fe308d718ed34e795929ba av-special-heading-h2 blockquote modern-quote modern-centered  avia-builder-el-1  el_before_av_one_fifth  avia-builder-el-first  av-linked-heading'><h2 class='av-special-heading-tag'  itemprop=\"headline\"  >On se maintient en contact? <\/h2><div class='av-subheading av-subheading_below'><p>Ne perdez pas les activit\u00e9s r\u00e9guli\u00e8res et sp\u00e9ciales de El Puntazo Estudio de Tango!<br \/>\nRemplissez le formulaire ci-dessous pour nous maintenir en contacte!<\/p>\n<\/div><div class=\"special-heading-border\"><div class=\"special-heading-inner-border\"><\/div><\/div><\/div>\n\n<style type=\"text\/css\" data-created_by=\"avia_inline_auto\" id=\"style-css-av-55aumh-7ef188b1ae00f494902c3a8ff54b8d37\">\n.flex_column.av-55aumh-7ef188b1ae00f494902c3a8ff54b8d37{\nborder-radius:0px 0px 0px 0px;\n-webkit-border-radius:0px 0px 0px 0px;\n-moz-border-radius:0px 0px 0px 0px;\n}\n<\/style>\n<div class='flex_column av-55aumh-7ef188b1ae00f494902c3a8ff54b8d37 av_one_fifth  avia-builder-el-2  el_after_av_heading  el_before_av_three_fifth  first flex_column_div av-zero-column-padding '   ><\/div>\n<style type=\"text\/css\" data-created_by=\"avia_inline_auto\" id=\"style-css-av-4v6hc9-fdd92c8355151c8000303d861450898b\">\n.flex_column.av-4v6hc9-fdd92c8355151c8000303d861450898b{\nborder-width:1px;\nborder-color:#c6c6c6;\nborder-style:solid;\nborder-radius:25px 25px 25px 25px;\n-webkit-border-radius:25px 25px 25px 25px;\n-moz-border-radius:25px 25px 25px 25px;\npadding:20px 20px 20px 20px;\nbackground-color:#ffffff;\n}\n<\/style>\n<div class='flex_column av-4v6hc9-fdd92c8355151c8000303d861450898b av_three_fifth  avia-builder-el-3  el_after_av_one_fifth  el_before_av_one_fifth  flex_column_div '   ><section  class='av_textblock_section av-k5pnwafu-818a17b274effff26a51178302ba78d7'  itemscope=\"itemscope\" itemtype=\"https:\/\/schema.org\/CreativeWork\" ><div class='avia_textblock'  itemprop=\"text\" >\n<div class=\"wpcf7 no-js\" id=\"wpcf7-f5418-o1\" lang=\"es-ES\" dir=\"ltr\">\n<div class=\"screen-reader-response\"><p role=\"status\" aria-live=\"polite\" aria-atomic=\"true\"><\/p> <ul><\/ul><\/div>\n<form action=\"\/fr\/wp-json\/wp\/v2\/pages\/5414#wpcf7-f5418-o1\" method=\"post\" class=\"wpcf7-form init\" aria-label=\"Formulario de contacto\" novalidate=\"novalidate\" data-status=\"init\">\n<div style=\"display: none;\">\n<input type=\"hidden\" name=\"_wpcf7\" value=\"5418\" \/>\n<input type=\"hidden\" name=\"_wpcf7_version\" value=\"5.9.8\" \/>\n<input type=\"hidden\" name=\"_wpcf7_locale\" value=\"es_ES\" \/>\n<input type=\"hidden\" name=\"_wpcf7_unit_tag\" value=\"wpcf7-f5418-o1\" \/>\n<input type=\"hidden\" name=\"_wpcf7_container_post\" value=\"0\" \/>\n<input type=\"hidden\" name=\"_wpcf7_posted_data_hash\" value=\"\" \/>\n<input type=\"hidden\" name=\"_wpcf7_recaptcha_response\" value=\"\" \/>\n<\/div>\n<p><strong> Nom et pr\u00e9nom (obligatoire) <\/strong><br \/>\n<span class=\"wpcf7-form-control-wrap\" data-name=\"your-name\"><input size=\"40\" maxlength=\"400\" class=\"wpcf7-form-control wpcf7-text wpcf7-validates-as-required\" aria-required=\"true\" aria-invalid=\"false\" value=\"\" type=\"text\" name=\"your-name\" \/><\/span>\n<\/p>\n<p><strong> T\u00e9l\u00e9phone (whatsapp)(obligatoire) <\/strong><br \/>\n<span class=\"wpcf7-form-control-wrap\" data-name=\"tel-213\"><input size=\"40\" maxlength=\"400\" class=\"wpcf7-form-control wpcf7-tel wpcf7-validates-as-required wpcf7-text wpcf7-validates-as-tel\" aria-required=\"true\" aria-invalid=\"false\" value=\"\" type=\"tel\" name=\"tel-213\" \/><\/span>\n<\/p>\n<p><strong>E-mail (obligatoire) <\/strong><br \/>\n<span class=\"wpcf7-form-control-wrap\" data-name=\"your-email\"><input size=\"40\" maxlength=\"400\" class=\"wpcf7-form-control wpcf7-email wpcf7-validates-as-required wpcf7-text wpcf7-validates-as-email\" aria-required=\"true\" aria-invalid=\"false\" value=\"\" type=\"email\" name=\"your-email\" \/><\/span>\n<\/p>\n<p><strong> R\u00f4le <\/strong><br \/>\n<span class=\"wpcf7-form-control-wrap\" data-name=\"checkbox-401\"><span class=\"wpcf7-form-control wpcf7-checkbox\"><span class=\"wpcf7-list-item first\"><input type=\"checkbox\" name=\"checkbox-401[]\" value=\"Leader (conductor)\" \/><span class=\"wpcf7-list-item-label\">Leader (conductor)<\/span><\/span><span class=\"wpcf7-list-item last\"><input type=\"checkbox\" name=\"checkbox-401[]\" value=\"Follower (seguidor)\" \/><span class=\"wpcf7-list-item-label\">Follower (seguidor)<\/span><\/span><\/span><\/span>\n<\/p>\n<p><strong> Quel est votre niveau ? <\/strong>\n<\/p>\n<p><span class=\"wpcf7-form-control-wrap\" data-name=\"menu-896\"><select class=\"wpcf7-form-control wpcf7-select\" aria-invalid=\"false\" name=\"menu-896\"><option value=\"---\">---<\/option><option value=\"d\u00e9butant  ( 0 - 6 mois)\">d\u00e9butant  ( 0 - 6 mois)<\/option><option value=\"d\u00e9butant niveau 2  ( 6 -12 mois)\">d\u00e9butant niveau 2  ( 6 -12 mois)<\/option><option value=\"Interm\u00e9diaire-avanc\u00e9 ( plus d\u2019un an)\">Interm\u00e9diaire-avanc\u00e9 ( plus d\u2019un an)<\/option><option value=\"technique pour leaders et followers (minimum 6 mois d&#039;exp\u00e9rience)\">technique pour leaders et followers (minimum 6 mois d&#039;exp\u00e9rience)<\/option><\/select><\/span>\n<\/p>\n<p><strong>Avez-vous un(e) partenaire? <\/strong><br \/>\n<span class=\"wpcf7-form-control-wrap\" data-name=\"checkbox-664\"><span class=\"wpcf7-form-control wpcf7-checkbox\"><span class=\"wpcf7-list-item first\"><input type=\"checkbox\" name=\"checkbox-664[]\" value=\"OUI (Il faut qu\u2019il\/elle remplisse le formulaire aussi )\" \/><span class=\"wpcf7-list-item-label\">OUI (Il faut qu\u2019il\/elle remplisse le formulaire aussi )<\/span><\/span><span class=\"wpcf7-list-item last\"><input type=\"checkbox\" name=\"checkbox-664[]\" value=\"NON\" \/><span class=\"wpcf7-list-item-label\">NON<\/span><\/span><\/span><\/span>\n<\/p>\n<p><strong> Vous me permettez de vous ajouter au groupe de Whatsapp des cours? Cela va m\u2019aider \u00e0 organiser les cours d\u2019une mani\u00e8re plus efficiente . Pas de groupe d\u00e9cha\u00een\u00e9, garanti! <\/strong><br \/>\n<span class=\"wpcf7-form-control-wrap\" data-name=\"checkbox-572\"><span class=\"wpcf7-form-control wpcf7-checkbox\"><span class=\"wpcf7-list-item first\"><input type=\"checkbox\" name=\"checkbox-572[]\" value=\"OUI\" \/><span class=\"wpcf7-list-item-label\">OUI<\/span><\/span><span class=\"wpcf7-list-item last\"><input type=\"checkbox\" name=\"checkbox-572[]\" value=\"NON\" \/><span class=\"wpcf7-list-item-label\">NON<\/span><\/span><\/span><\/span>\n<\/p>\n<p><strong> Comment est-ce que vous avez connu El Puntazo Estudio de Tango? <\/strong><br \/>\n<span class=\"wpcf7-form-control-wrap\" data-name=\"menu-246\"><select class=\"wpcf7-form-control wpcf7-select\" aria-invalid=\"false\" name=\"menu-246\"><option value=\"----\">----<\/option><option value=\"Urban Sports Club\">Urban Sports Club<\/option><option value=\"Onefit\">Onefit<\/option><option value=\"Class pass\">Class pass<\/option><option value=\"Autre\">Autre<\/option><\/select><\/span>\n<\/p>\n<p><span class=\"wpcf7-form-control-wrap\" data-name=\"acceptance-655\"><span class=\"wpcf7-form-control wpcf7-acceptance optional\"><span class=\"wpcf7-list-item\"><input type=\"checkbox\" name=\"acceptance-655\" value=\"1\" aria-invalid=\"false\" \/><\/span><\/span><\/span> J\u2019accepte la <a href=\"\/terminos-legales-y-politica-de-privacidad\/\" target=\"\u201d_blank\u201d\" rel=\"noopener\"> politique concernant la privacit\u00e9 des donn\u00e9es personnelles <\/a>\n<\/p>\n<p><input class=\"wpcf7-form-control wpcf7-submit has-spinner\" type=\"submit\" value=\"ENVOYER\" \/>\n<\/p><p style=\"display: none !important;\" class=\"akismet-fields-container\" data-prefix=\"_wpcf7_ak_\"><label>&#916;<textarea name=\"_wpcf7_ak_hp_textarea\" cols=\"45\" rows=\"8\" maxlength=\"100\"><\/textarea><\/label><input type=\"hidden\" id=\"ak_js_1\" name=\"_wpcf7_ak_js\" value=\"161\"\/><script>document.getElementById( \"ak_js_1\" ).setAttribute( \"value\", ( new Date() ).getTime() );<\/script><\/p><div class=\"wpcf7-response-output\" aria-hidden=\"true\"><\/div>\n<\/form>\n<\/div>\n\n<div id=\"gtx-trans\" style=\"position: absolute; left: -88px; top: -2.40625px;\">\n<div class=\"gtx-trans-icon\"><\/div>\n<\/div>\n<\/div><\/section><\/div>\n<style type=\"text\/css\" data-created_by=\"avia_inline_auto\" id=\"style-css-av-1z2mi1-22fd497f654f4406c7726efb7d06c78b\">\n.flex_column.av-1z2mi1-22fd497f654f4406c7726efb7d06c78b{\nborder-radius:0px 0px 0px 0px;\n-webkit-border-radius:0px 0px 0px 0px;\n-moz-border-radius:0px 0px 0px 0px;\n}\n<\/style>\n<div class='flex_column av-1z2mi1-22fd497f654f4406c7726efb7d06c78b av_one_fifth  avia-builder-el-5  el_after_av_three_fifth  avia-builder-el-last  flex_column_div av-zero-column-padding '   ><\/div>\n","protected":false},"excerpt":{"rendered":"","protected":false},"author":9,"featured_media":0,"parent":0,"menu_order":0,"comment_status":"closed","ping_status":"closed","template":"","meta":{"footnotes":""},"_links":{"self":[{"href":"https:\/\/el-puntazo.com\/fr\/wp-json\/wp\/v2\/pages\/5414"}],"collection":[{"href":"https:\/\/el-puntazo.com\/fr\/wp-json\/wp\/v2\/pages"}],"about":[{"href":"https:\/\/el-puntazo.com\/fr\/wp-json\/wp\/v2\/types\/page"}],"author":[{"embeddable":true,"href":"https:\/\/el-puntazo.com\/fr\/wp-json\/wp\/v2\/users\/9"}],"replies":[{"embeddable":true,"href":"https:\/\/el-puntazo.com\/fr\/wp-json\/wp\/v2\/comments?post=5414"}],"version-history":[{"count":5,"href":"https:\/\/el-puntazo.com\/fr\/wp-json\/wp\/v2\/pages\/5414\/revisions"}],"predecessor-version":[{"id":5440,"href":"https:\/\/el-puntazo.com\/fr\/wp-json\/wp\/v2\/pages\/5414\/revisions\/5440"}],"wp:attachment":[{"href":"https:\/\/el-puntazo.com\/fr\/wp-json\/wp\/v2\/media?parent=5414"}],"curies":[{"name":"wp","href":"https:\/\/api.w.org\/{rel}","templated":true}]}}