{"id":7532,"date":"2023-06-30T04:18:14","date_gmt":"2023-06-30T04:18:14","guid":{"rendered":"https:\/\/el-puntazo.com\/comment-ca-marche\/"},"modified":"2024-01-08T18:01:27","modified_gmt":"2024-01-08T18:01:27","slug":"comment-ca-marche","status":"publish","type":"page","link":"https:\/\/el-puntazo.com\/fr\/comment-ca-marche\/","title":{"rendered":"COMMENT \u00c7A MARCHE"},"content":{"rendered":"\n<style type=\"text\/css\" data-created_by=\"avia_inline_auto\" id=\"style-css-av-918ty1-ed6a67062a7546393253f80530471c26\">\n.flex_column.av-918ty1-ed6a67062a7546393253f80530471c26{\npadding:40px 0 30px 0;\n}\n<\/style>\n<div class='flex_column av-918ty1-ed6a67062a7546393253f80530471c26 av_one_full  avia-builder-el-0  el_before_av_one_fourth  avia-builder-el-first  first flex_column_div '   ><style type=\"text\/css\" data-created_by=\"avia_inline_auto\" id=\"style-css-av-lji6e2gv-eee4b3395b9002ab9f80ee0d39c182a9\">\n#top .av-special-heading.av-lji6e2gv-eee4b3395b9002ab9f80ee0d39c182a9{\npadding-bottom:10px;\n}\nbody .av-special-heading.av-lji6e2gv-eee4b3395b9002ab9f80ee0d39c182a9 .av-special-heading-tag .heading-char{\nfont-size:25px;\n}\n.av-special-heading.av-lji6e2gv-eee4b3395b9002ab9f80ee0d39c182a9 .av-subheading{\nfont-size:15px;\n}\n<\/style>\n<div  class='av-special-heading av-lji6e2gv-eee4b3395b9002ab9f80ee0d39c182a9 av-special-heading-h1 blockquote modern-quote modern-centered  avia-builder-el-1  avia-builder-el-no-sibling  av-thin-font'><h1 class='av-special-heading-tag'  itemprop=\"headline\"  ><strong> Comment \u00e7a Marche <\/strong> <\/h1><div class=\"special-heading-border\"><div class=\"special-heading-inner-border\"><\/div><\/div><\/div><\/div>\n<div class='flex_column av-7dmwux-25848a52ea4ec30c396c38e53fc274a5 av_one_fourth  avia-builder-el-2  el_after_av_one_full  el_before_av_one_fourth  first flex_column_div column-top-margin'   ><p>\n<style type=\"text\/css\" data-created_by=\"avia_inline_auto\" id=\"style-css-av-ljkd3tmh-a890b4beab4d794e54ce08ac6e2dfb27\">\n.av_font_icon.av-ljkd3tmh-a890b4beab4d794e54ce08ac6e2dfb27{\ncolor:#000000;\nborder-color:#000000;\n}\n.av_font_icon.av-ljkd3tmh-a890b4beab4d794e54ce08ac6e2dfb27 .av-icon-char{\nfont-size:80px;\nline-height:80px;\n}\n<\/style>\n<span  class='av_font_icon av-ljkd3tmh-a890b4beab4d794e54ce08ac6e2dfb27 avia_animate_when_visible av-icon-style- avia-icon-pos-center avia-icon-animate'><span class='av-icon-char' aria-hidden='true' data-av_icon='\ue85b' data-av_iconfont='entypo-fontello' ><\/span><\/span><br \/>\n\n<style type=\"text\/css\" data-created_by=\"avia_inline_auto\" id=\"style-css-av-lji6exhe-79d8871f1bafc0171da479cbbb9abcc2\">\n#top .av-special-heading.av-lji6exhe-79d8871f1bafc0171da479cbbb9abcc2{\npadding-bottom:10px;\n}\nbody .av-special-heading.av-lji6exhe-79d8871f1bafc0171da479cbbb9abcc2 .av-special-heading-tag .heading-char{\nfont-size:25px;\n}\n.av-special-heading.av-lji6exhe-79d8871f1bafc0171da479cbbb9abcc2 .av-subheading{\nfont-size:15px;\n}\n<\/style>\n<div  class='av-special-heading av-lji6exhe-79d8871f1bafc0171da479cbbb9abcc2 av-special-heading-h2 blockquote modern-quote modern-centered  avia-builder-el-4  el_after_av_font_icon  el_before_av_textblock '><h2 class='av-special-heading-tag'  itemprop=\"headline\"  >CONFORT<\/h2><div class=\"special-heading-border\"><div class=\"special-heading-inner-border\"><\/div><\/div><\/div><br \/>\n<section  class='av_textblock_section av-lji6enpt-1294d5275694bb62486c0ca747f0c361'  itemscope=\"itemscope\" itemtype=\"https:\/\/schema.org\/CreativeWork\" ><div class='avia_textblock'  itemprop=\"text\" ><ul>\n<li aria-level=\"1\">Choisissez entre des cours \u00e0 l&rsquo;unit\u00e9, un forfait mensuel ou un forfait trimestriel.<\/li>\n<li aria-level=\"1\">Ce n&rsquo;est pas important si vous n&rsquo;avez pas de partenaire de danse.<\/li>\n<li aria-level=\"1\">Horaire flexible : vous avez tout le mois ou trimestre en cours pour utiliser votre pack de cours mensuels ou trimestriels.<\/li>\n<\/ul>\n<\/div><\/section><\/p><\/div>\n<div class='flex_column av-6lie8p-1e44fd431e67ff81624389e8885e3a3f av_one_fourth  avia-builder-el-6  el_after_av_one_fourth  el_before_av_one_fourth  flex_column_div column-top-margin'   ><p>\n<style type=\"text\/css\" data-created_by=\"avia_inline_auto\" id=\"style-css-av-ljkd8t1v-eb0868eceb5308a5d2a3da2bc73f007d\">\n.av_font_icon.av-ljkd8t1v-eb0868eceb5308a5d2a3da2bc73f007d{\ncolor:#000000;\nborder-color:#000000;\n}\n.av_font_icon.av-ljkd8t1v-eb0868eceb5308a5d2a3da2bc73f007d .av-icon-char{\nfont-size:80px;\nline-height:80px;\n}\n<\/style>\n<span  class='av_font_icon av-ljkd8t1v-eb0868eceb5308a5d2a3da2bc73f007d avia_animate_when_visible av-icon-style- avia-icon-pos-center avia-icon-animate'><span class='av-icon-char' aria-hidden='true' data-av_icon='\ue80b' data-av_iconfont='entypo-fontello' ><\/span><\/span><br \/>\n\n<style type=\"text\/css\" data-created_by=\"avia_inline_auto\" id=\"style-css-av-lji6nzwf-adb757bae4a9c81282ea3b583d55939c\">\n#top .av-special-heading.av-lji6nzwf-adb757bae4a9c81282ea3b583d55939c{\npadding-bottom:10px;\n}\nbody .av-special-heading.av-lji6nzwf-adb757bae4a9c81282ea3b583d55939c .av-special-heading-tag .heading-char{\nfont-size:25px;\n}\n.av-special-heading.av-lji6nzwf-adb757bae4a9c81282ea3b583d55939c .av-subheading{\nfont-size:15px;\n}\n<\/style>\n<div  class='av-special-heading av-lji6nzwf-adb757bae4a9c81282ea3b583d55939c av-special-heading-h2 blockquote modern-quote modern-centered  avia-builder-el-8  el_after_av_font_icon  el_before_av_textblock '><h2 class='av-special-heading-tag'  itemprop=\"headline\"  >PERSONNALISATION<\/h2><div class=\"special-heading-border\"><div class=\"special-heading-inner-border\"><\/div><\/div><\/div><br \/>\n<section  class='av_textblock_section av-lji6nhb8-36980cdfd3d4e265efcf789a43cf13b9'  itemscope=\"itemscope\" itemtype=\"https:\/\/schema.org\/CreativeWork\" ><div class='avia_textblock'  itemprop=\"text\" ><ul>\n<li>Contactez-nous sans engagement et faites-nous part de vos souhaits concernant le Tango.<\/li>\n<li>Nous vous aiderons \u00e0 choisir le meilleur niveau pour vous et le plan le plus adapt\u00e9 \u00e0 vos besoins.<\/li>\n<\/ul>\n<\/div><\/section><\/p><\/div>\n<div class='flex_column av-3r8jy1-6d9e7f4d2b787ffe2fbd1198b8d2b83f av_one_fourth  avia-builder-el-10  el_after_av_one_fourth  el_before_av_one_fourth  flex_column_div column-top-margin'   ><p>\n<style type=\"text\/css\" data-created_by=\"avia_inline_auto\" id=\"style-css-av-ljkd97mk-b77f1418257bcfbdd8feba1caee61b7f\">\n.av_font_icon.av-ljkd97mk-b77f1418257bcfbdd8feba1caee61b7f{\ncolor:#000000;\nborder-color:#000000;\n}\n.av_font_icon.av-ljkd97mk-b77f1418257bcfbdd8feba1caee61b7f .av-icon-char{\nfont-size:80px;\nline-height:80px;\n}\n<\/style>\n<span  class='av_font_icon av-ljkd97mk-b77f1418257bcfbdd8feba1caee61b7f avia_animate_when_visible av-icon-style- avia-icon-pos-center avia-icon-animate'><span class='av-icon-char' aria-hidden='true' data-av_icon='\ue8a2' data-av_iconfont='entypo-fontello' ><\/span><\/span><br \/>\n\n<style type=\"text\/css\" data-created_by=\"avia_inline_auto\" id=\"style-css-av-lji6p2l8-82b8fd9cae311dfbccd084ae74fb2197\">\n#top .av-special-heading.av-lji6p2l8-82b8fd9cae311dfbccd084ae74fb2197{\npadding-bottom:10px;\n}\nbody .av-special-heading.av-lji6p2l8-82b8fd9cae311dfbccd084ae74fb2197 .av-special-heading-tag .heading-char{\nfont-size:25px;\n}\n.av-special-heading.av-lji6p2l8-82b8fd9cae311dfbccd084ae74fb2197 .av-subheading{\nfont-size:15px;\n}\n<\/style>\n<div  class='av-special-heading av-lji6p2l8-82b8fd9cae311dfbccd084ae74fb2197 av-special-heading-h2 blockquote modern-quote modern-centered  avia-builder-el-12  el_after_av_font_icon  el_before_av_textblock '><h2 class='av-special-heading-tag'  itemprop=\"headline\"  >SUR MESURE<\/h2><div class=\"special-heading-border\"><div class=\"special-heading-inner-border\"><\/div><\/div><\/div><br \/>\n<section  class='av_textblock_section av-lji6os91-af4c992f04ff85a87de76a61405f980b'  itemscope=\"itemscope\" itemtype=\"https:\/\/schema.org\/CreativeWork\" ><div class='avia_textblock'  itemprop=\"text\" ><ul>\n<li aria-level=\"1\">Regardez votre calendrier et choisissez combien de cours vous souhaitez prendre par mois ou par trimestre (de 1 \u00e0 28 cours mensuels) ou commencez par un cours \u00e0 l&rsquo;unit\u00e9 pour essayer.<\/li>\n<li aria-level=\"1\">Choisissez votre pack sur mesure en fonction de votre disponibilit\u00e9 et b\u00e9n\u00e9ficiez de r\u00e9ductions sur les packs mensuels et trimestriels.<\/li>\n<\/ul>\n<\/div><\/section><\/p><\/div>\n<div class='flex_column av-bg3uh-8ef23b78cdfe9d51b346c82bb65299ae av_one_fourth  avia-builder-el-14  el_after_av_one_fourth  el_before_av_section  avia-builder-el-last  flex_column_div column-top-margin'   ><p>\n<style type=\"text\/css\" data-created_by=\"avia_inline_auto\" id=\"style-css-av-ljkd9v7p-e2215440b619752187d807f5c51d9d22\">\n.av_font_icon.av-ljkd9v7p-e2215440b619752187d807f5c51d9d22{\ncolor:#000000;\nborder-color:#000000;\n}\n.av_font_icon.av-ljkd9v7p-e2215440b619752187d807f5c51d9d22 .av-icon-char{\nfont-size:80px;\nline-height:80px;\n}\n<\/style>\n<span  class='av_font_icon av-ljkd9v7p-e2215440b619752187d807f5c51d9d22 avia_animate_when_visible av-icon-style- avia-icon-pos-center avia-icon-animate'><span class='av-icon-char' aria-hidden='true' data-av_icon='\ue82b' data-av_iconfont='entypo-fontello' ><\/span><\/span><br \/>\n\n<style type=\"text\/css\" data-created_by=\"avia_inline_auto\" id=\"style-css-av-lji6ph9z-0c3c523ed35a3dbd51cbd7c07873a257\">\n#top .av-special-heading.av-lji6ph9z-0c3c523ed35a3dbd51cbd7c07873a257{\npadding-bottom:10px;\n}\nbody .av-special-heading.av-lji6ph9z-0c3c523ed35a3dbd51cbd7c07873a257 .av-special-heading-tag .heading-char{\nfont-size:25px;\n}\n.av-special-heading.av-lji6ph9z-0c3c523ed35a3dbd51cbd7c07873a257 .av-subheading{\nfont-size:15px;\n}\n<\/style>\n<div  class='av-special-heading av-lji6ph9z-0c3c523ed35a3dbd51cbd7c07873a257 av-special-heading-h2 blockquote modern-quote modern-centered  avia-builder-el-16  el_after_av_font_icon  el_before_av_textblock '><h2 class='av-special-heading-tag'  itemprop=\"headline\"  > \u00c0 DANSER!<\/h2><div class=\"special-heading-border\"><div class=\"special-heading-inner-border\"><\/div><\/div><\/div><br \/>\n<section  class='av_textblock_section av-lji6pzem-7ae293abe004b1dece7677594e7859ee'  itemscope=\"itemscope\" itemtype=\"https:\/\/schema.org\/CreativeWork\" ><div class='avia_textblock'  itemprop=\"text\" ><ul>\n<li><a href=\"https:\/\/el-puntazo.com\/fr\/#contacto\">Inscrivez-vous et commencez votre aventure dans le merveilleux monde du Tango.<\/a><\/li>\n<\/ul>\n<\/div><\/section><\/p><\/div>\n<\/div><\/div><\/div><!-- close content main div --><\/div><\/div><div id='av_section_1'  class='avia-section av-1wz815-bbe7c739a441c134acbe2928d6d80c32 main_color avia-section-default avia-no-border-styling  avia-builder-el-18  el_after_av_one_fourth  avia-builder-el-last  avia-bg-style-scroll container_wrap fullsize'  ><div class='container av-section-cont-open' ><div class='template-page content  av-content-full alpha units'><div class='post-entry post-entry-type-page post-entry-7532'><div class='entry-content-wrapper clearfix'>\n\n<style type=\"text\/css\" data-created_by=\"avia_inline_auto\" id=\"style-css-av-ljk7yrsm-7abe681f35f85abef73743b552723922\">\n#top .av-special-heading.av-ljk7yrsm-7abe681f35f85abef73743b552723922{\npadding-bottom:10px;\n}\nbody .av-special-heading.av-ljk7yrsm-7abe681f35f85abef73743b552723922 .av-special-heading-tag .heading-char{\nfont-size:25px;\n}\n.av-special-heading.av-ljk7yrsm-7abe681f35f85abef73743b552723922 .av-subheading{\nfont-size:15px;\n}\n<\/style>\n<div  class='av-special-heading av-ljk7yrsm-7abe681f35f85abef73743b552723922 av-special-heading-h1 blockquote modern-quote modern-centered  avia-builder-el-19  el_before_av_codeblock  avia-builder-el-first '><h1 class='av-special-heading-tag'  itemprop=\"headline\"  >CONTACT<\/h1><div class=\"special-heading-border\"><div class=\"special-heading-inner-border\"><\/div><\/div><\/div>\n\n\n","protected":false},"excerpt":{"rendered":"","protected":false},"author":5,"featured_media":0,"parent":0,"menu_order":0,"comment_status":"closed","ping_status":"closed","template":"","meta":{"footnotes":""},"_links":{"self":[{"href":"https:\/\/el-puntazo.com\/fr\/wp-json\/wp\/v2\/pages\/7532"}],"collection":[{"href":"https:\/\/el-puntazo.com\/fr\/wp-json\/wp\/v2\/pages"}],"about":[{"href":"https:\/\/el-puntazo.com\/fr\/wp-json\/wp\/v2\/types\/page"}],"author":[{"embeddable":true,"href":"https:\/\/el-puntazo.com\/fr\/wp-json\/wp\/v2\/users\/5"}],"replies":[{"embeddable":true,"href":"https:\/\/el-puntazo.com\/fr\/wp-json\/wp\/v2\/comments?post=7532"}],"version-history":[{"count":12,"href":"https:\/\/el-puntazo.com\/fr\/wp-json\/wp\/v2\/pages\/7532\/revisions"}],"predecessor-version":[{"id":8718,"href":"https:\/\/el-puntazo.com\/fr\/wp-json\/wp\/v2\/pages\/7532\/revisions\/8718"}],"wp:attachment":[{"href":"https:\/\/el-puntazo.com\/fr\/wp-json\/wp\/v2\/media?parent=7532"}],"curies":[{"name":"wp","href":"https:\/\/api.w.org\/{rel}","templated":true}]}}