{"id":7544,"date":"2020-05-09T22:13:53","date_gmt":"2020-05-09T22:13:53","guid":{"rendered":"https:\/\/el-puntazo.com\/reservez-votre-cours-en-ligne\/"},"modified":"2023-12-26T10:28:47","modified_gmt":"2023-12-26T10:28:47","slug":"reservez-votre-cours-en-ligne","status":"publish","type":"page","link":"https:\/\/el-puntazo.com\/fr\/reservez-votre-cours-en-ligne\/","title":{"rendered":"R\u00c9SERVEZ VOTRE COURS EN LIGNE"},"content":{"rendered":"\n<style type=\"text\/css\" data-created_by=\"avia_inline_auto\" id=\"style-css-av-5bbc2d-3b404b0cf1cb3ec038f6efc62155129c\">\n.flex_column.av-5bbc2d-3b404b0cf1cb3ec038f6efc62155129c{\nborder-radius:0px 0px 0px 0px;\n-webkit-border-radius:0px 0px 0px 0px;\n-moz-border-radius:0px 0px 0px 0px;\n}\n<\/style>\n<div class='flex_column av-5bbc2d-3b404b0cf1cb3ec038f6efc62155129c av_one_full  avia-builder-el-0  avia-builder-el-no-sibling  first flex_column_div av-zero-column-padding '   ><section  class='av_textblock_section av-ka05j4fy-c2bb24cde8d05cb50066b54b970c6ad6'  itemscope=\"itemscope\" itemtype=\"https:\/\/schema.org\/CreativeWork\" ><div class='av-desktop-hide av-medium-hide av-small-hide av-mini-hide avia_textblock'  itemprop=\"text\" ><p style=\"text-align: center;\">Si vous \u00eates d\u00e9j\u00e0 \u00e9tudiant, r\u00e9servez votre place chaque semaine ici. De cette fa\u00e7on, je pourrai pr\u00e9parer les cours de la mani\u00e8re la plus personnalis\u00e9e possible, en tenant compte de la liste des participants.<\/p>\n<\/div><\/section><br \/>\n<div  class='avia-buttonrow-wrap av-ka062jrw-e52ecfe149348f3377c70d6e12f6ff8d avia-buttonrow-center  avia-builder-el-2  el_after_av_textblock  el_before_av_textblock  av-desktop-hide av-medium-hide av-small-hide av-mini-hide'>\n\n<style type=\"text\/css\" data-created_by=\"avia_inline_auto\" id=\"style-css-av-4acqtx-3d6a84881e8a64ca8f577d8126cfe5ad\">\n#top #wrap_all .avia-button.av-4acqtx-3d6a84881e8a64ca8f577d8126cfe5ad{\nmargin-bottom:5px;\nmargin-right:3px;\nmargin-left:3px;\n}\n<\/style>\n<a href=\"https:\/\/widget.fitogram.pro\/el-puntazo-estudio-de-tango\/?fbclid=IwAR3KG_m3hsh5kqt1QqhrauKzu2Lb7vB-qIjDg5OriRAkoMKJHFzZesFk9OA&amp;w=\/list-view\" class=\"avia-button av-4acqtx-3d6a84881e8a64ca8f577d8126cfe5ad avia-icon_select-no avia-size-x-large avia-color-theme-color\" target=\"_blank\" rel=\"noopener noreferrer\"><span class='avia_iconbox_title' >R\u00c9SERVER UN COURS (je suis \u00e9tudiant\/e)<\/span><\/a>\n<\/div><br \/>\n<section  class='av_textblock_section av-ka05j4fy-20fb93e61510f365711a565acb91128d'  itemscope=\"itemscope\" itemtype=\"https:\/\/schema.org\/CreativeWork\" ><div class='avia_textblock'  itemprop=\"text\" ><p style=\"text-align: center;\">Si vous \u00eates nouveau\/nouvelle, vous m&rsquo;avez d\u00e9j\u00e0 contact\u00e9 pour obtenir des informations et vous \u00eates pr\u00eat\/pr\u00eate \u00e0 commencer \u00e0 \u00e9tudier avec moi, inscrivez-vous ici :<\/p>\n<\/div><\/section><br \/>\n<div  class='avia-button-wrap avia-button-center  avia-builder-el-4  el_after_av_textblock  avia-builder-el-last ' ><a href=\"https:\/\/el-puntazo.com\/fr\/inscription-a-la-primera-clase\/\" class=\"avia-button av-ka07acsp-22eca79a2c6aacf5b9959c2f43924d56 avia-icon_select-no avia-size-x-large avia-position-center avia-color-theme-color\" target=\"_blank\" rel=\"noopener noreferrer\"><span class='avia_iconbox_title' >JE VEUX COMMENCER (je suis nouveau\/nouvelle)<\/span><\/a><\/div><\/p><\/div>\n","protected":false},"excerpt":{"rendered":"","protected":false},"author":9,"featured_media":0,"parent":0,"menu_order":0,"comment_status":"closed","ping_status":"closed","template":"","meta":{"footnotes":""},"_links":{"self":[{"href":"https:\/\/el-puntazo.com\/fr\/wp-json\/wp\/v2\/pages\/7544"}],"collection":[{"href":"https:\/\/el-puntazo.com\/fr\/wp-json\/wp\/v2\/pages"}],"about":[{"href":"https:\/\/el-puntazo.com\/fr\/wp-json\/wp\/v2\/types\/page"}],"author":[{"embeddable":true,"href":"https:\/\/el-puntazo.com\/fr\/wp-json\/wp\/v2\/users\/9"}],"replies":[{"embeddable":true,"href":"https:\/\/el-puntazo.com\/fr\/wp-json\/wp\/v2\/comments?post=7544"}],"version-history":[{"count":8,"href":"https:\/\/el-puntazo.com\/fr\/wp-json\/wp\/v2\/pages\/7544\/revisions"}],"predecessor-version":[{"id":8711,"href":"https:\/\/el-puntazo.com\/fr\/wp-json\/wp\/v2\/pages\/7544\/revisions\/8711"}],"wp:attachment":[{"href":"https:\/\/el-puntazo.com\/fr\/wp-json\/wp\/v2\/media?parent=7544"}],"curies":[{"name":"wp","href":"https:\/\/api.w.org\/{rel}","templated":true}]}}