{"id":7820,"date":"2023-07-05T13:53:41","date_gmt":"2023-07-05T13:53:41","guid":{"rendered":"https:\/\/el-puntazo.com\/tout-ce-que-vous-devez-savoir-pour-commencer-vos-cours-de-tango-argentin\/"},"modified":"2026-01-14T22:55:16","modified_gmt":"2026-01-14T22:55:16","slug":"tout-ce-que-vous-devez-savoir-pour-commencer-vos-cours-de-tango-argentin","status":"publish","type":"page","link":"https:\/\/el-puntazo.com\/fr\/tout-ce-que-vous-devez-savoir-pour-commencer-vos-cours-de-tango-argentin\/","title":{"rendered":"Tout ce que vous devez savoir pour commencer vos cours de Tango argentin."},"content":{"rendered":"<div class=\"page\" title=\"Page 1\">\n<div class=\"section\">\n<div class=\"layoutArea\">\n<div class=\"column\">\n<h1><img loading=\"lazy\" decoding=\"async\" class=\"size-full wp-image-7550 aligncenter\" src=\"http:\/\/el-puntazo.com\/wp-content\/uploads\/2023\/07\/Captura-de-pantalla-2023-07-05-a-las-15.10.23.png\" alt=\"\" width=\"629\" height=\"353\" srcset=\"https:\/\/el-puntazo.com\/wp-content\/uploads\/2023\/07\/Captura-de-pantalla-2023-07-05-a-las-15.10.23.png 629w, https:\/\/el-puntazo.com\/wp-content\/uploads\/2023\/07\/Captura-de-pantalla-2023-07-05-a-las-15.10.23-300x168.png 300w\" sizes=\"(max-width: 629px) 100vw, 629px\" \/><\/h1>\n<h1 style=\"text-align: center;\">C&rsquo;est g\u00e9nial que tu sois l\u00e0!<\/h1>\n<p>&nbsp;<\/p>\n<p style=\"text-align: center;\">Je suis Francesca Vaccari et je suis ravie de vous accueillir dans cet espace.<\/p>\n<p style=\"text-align: center;\">Si vous souhaitez connaitre toutes les informations sur les cours <strong>El Puntazo Studio de Tango<\/strong>, je vous invite \u00e0 continuer \u00e0 lire !<\/p>\n<p>&nbsp;<\/p>\n<div class=\"page\" title=\"Page 1\">\n<div class=\"section\">\n<div class=\"layoutArea\">\n<div class=\"column\">\n<h2 style=\"text-align: center;\"><strong>Cours en groupe<\/strong><\/h2>\n<p><img loading=\"lazy\" decoding=\"async\" class=\"size-full wp-image-7554 alignright\" src=\"http:\/\/el-puntazo.com\/wp-content\/uploads\/2023\/07\/Captura-de-pantalla-2023-07-05-a-las-15.17.08.png\" alt=\"\" width=\"302\" height=\"273\" srcset=\"https:\/\/el-puntazo.com\/wp-content\/uploads\/2023\/07\/Captura-de-pantalla-2023-07-05-a-las-15.17.08.png 302w, https:\/\/el-puntazo.com\/wp-content\/uploads\/2023\/07\/Captura-de-pantalla-2023-07-05-a-las-15.17.08-300x271.png 300w\" sizes=\"(max-width: 302px) 100vw, 302px\" \/><\/p>\n<p>&nbsp;<\/p>\n<p>Nous vous aidons \u00e0 choisir <strong>le niveau<\/strong> qui convient le mieux \u00e0 vos besoins :<\/p>\n<p><strong>D\u00e9butants <\/strong> &#8211;&gt; de 0 \u00e0 6 mois de pratique<\/p>\n<p><strong>D\u00e9butants niveau 2<\/strong> -&gt; au moins 6 mois de pratique, de pr\u00e9f\u00e9rence avec moi<\/p>\n<p><strong>Interm\u00e9diaires et avanc\u00e9s<\/strong> &#8211;&gt; d&rsquo;un an d&rsquo;exp\u00e9rience \u00e0 semi-professionnels<\/p>\n<p><strong>Cours de technique<\/strong> &#8211;&gt; travail individuel pour les leadeurs et les suiveuses de tous les niveaux afin d&rsquo;am\u00e9liorer la qualit\u00e9 de la danse<\/p>\n<p>&nbsp;<\/p>\n<\/div>\n<\/div>\n<\/div>\n<\/div>\n<div class=\"page\" title=\"Page 2\">\n<div class=\"section\">\n<div class=\"layoutArea\">\n<div class=\"column\">\n<h2 style=\"text-align: center;\">Tarifs des cours en groupe<\/h2>\n<p>&nbsp;<\/p>\n<h4>Choisissez la mani\u00e8re la plus pratique pour vous:<\/h4>\n<ul>\n<li>Cours \u00e0 l&rsquo;unit\u00e9<\/li>\n<li>Forfait mensuel (mois calendaire)<\/li>\n<li>Forfait trimestriel (mois en cours + deux mois suivants)<\/li>\n<\/ul>\n<p><img loading=\"lazy\" decoding=\"async\" class=\"wp-image-10568 size-full alignnone\" src=\"https:\/\/el-puntazo.com\/wp-content\/uploads\/2026\/01\/Prix-Cours-Collectifs-Tango-2026.png\" alt=\"\" width=\"1110\" height=\"678\" srcset=\"https:\/\/el-puntazo.com\/wp-content\/uploads\/2026\/01\/Prix-Cours-Collectifs-Tango-2026.png 1110w, https:\/\/el-puntazo.com\/wp-content\/uploads\/2026\/01\/Prix-Cours-Collectifs-Tango-2026-300x183.png 300w, https:\/\/el-puntazo.com\/wp-content\/uploads\/2026\/01\/Prix-Cours-Collectifs-Tango-2026-1030x629.png 1030w, https:\/\/el-puntazo.com\/wp-content\/uploads\/2026\/01\/Prix-Cours-Collectifs-Tango-2026-768x469.png 768w, https:\/\/el-puntazo.com\/wp-content\/uploads\/2026\/01\/Prix-Cours-Collectifs-Tango-2026-705x431.png 705w\" sizes=\"(max-width: 1110px) 100vw, 1110px\" \/><\/p>\n<\/div>\n<\/div>\n<p><b>*Forfait <i>FLEXI<\/i><\/b><b><i>:<\/i><\/b><\/p>\n<ul>\n<li><b><i>Pack de cours <span style=\"font-weight: 400;\"> \u00e0 utiliser<\/span><\/i><\/b><i><span style=\"font-weight: 400;\"> sur un mois calendaire, avec des horaires libres et flexibles<\/span><\/i><\/li>\n<\/ul>\n<p><i><span style=\"font-weight: 400;\">**<b>Forfait<\/b>\u00a0<b>TANGO PASSIONATE &#8211; tarif illimit\u00e9<\/b><\/span><\/i><\/p>\n<p><i><span style=\"font-weight: 400;\">Comprend:<\/span><\/i><i><span style=\"font-weight: 400;\"><br \/>\n<\/span><\/i><\/p>\n<ul>\n<li><b><i>Acc\u00e8s illimit\u00e9 \u00e0 tous les cours r\u00e9guliers du mois, <span style=\"font-weight: 400;\">(tarif soumis \u00e0 un quorum minimum de participants par cours \u2013 entre 12 et 32 check-ins disponibles pendant le mois en cours)<\/span><\/i><\/b><\/li>\n<li><b><i>1 cours particulier <span style=\"font-weight: 400;\">\u00e0 r\u00e9aliser durant le m\u00eame mois de validit\u00e9 du forfait<\/span><\/i><\/b><\/li>\n<li><b><b><i>1 cours collectif <\/i><\/b><\/b><b><i>\u00e0 l\u2019unit\u00e9 \u00e0 offrir <\/i><\/b><i>\u00e0 la personne de votre choix pendant le mois en cours<\/i>\n<div class=\"page\" title=\"Page 3\"><\/div>\n<\/li>\n<\/ul>\n<div class=\"layoutArea\">\n<div class=\"page\" title=\"Page 3\">\n<div class=\"section\">\n<h2 style=\"text-align: center;\">Horaires<br \/>\n<img loading=\"lazy\" decoding=\"async\" class=\"size-full wp-image-7562 alignright\" src=\"http:\/\/el-puntazo.com\/wp-content\/uploads\/2023\/07\/Captura-de-pantalla-2023-07-05-a-las-15.21.05.png\" alt=\"\" width=\"265\" height=\"251\" \/><\/h2>\n<h3>Voulez-vous savoir quand? Sortez votre agenda!<\/h3>\n<p style=\"text-align: center;\">Regardez ici les <a href=\"https:\/\/el-puntazo.com\/fr\/cours-de-tango\/#horarios\"><strong>HORAIRES POR CE MOIS<\/strong><\/a><\/p>\n<\/div>\n<\/div>\n<\/div>\n<div class=\"layoutArea\">\n<div class=\"column\">\n<p style=\"text-align: center;\">Vous-\u00eates pr\u00eats \u00e0 commencer? Cliquez ci-dessous por vous inscrire<\/p>\n<p>&nbsp;<\/p>\n<p style=\"text-align: center;\"><a href=\"https:\/\/el-puntazo.com\/fr\/inscription-au-premier-cours\/\"><strong>JE VEUZ M&rsquo;INSCRIRE<\/strong><\/a><\/p>\n<\/div>\n<\/div>\n<\/div>\n<\/div>\n<div class=\"page\" title=\"Page 3\">\n<div class=\"section\">\n<h1><\/h1>\n<h1><\/h1>\n<h2 style=\"text-align: center;\"><strong>Questions fr\u00e9quemment pos\u00e9es<\/strong><\/h2>\n<p><strong>Est-ce que je dois m&rsquo;inscrire avec un partenaire?<\/strong><\/p>\n<p>Il n&rsquo;est pas obligatoire de venir avec un partenaire, vous danserez avec vos camarades!<\/p>\n<p><strong>Puis-je essayer un cours?<\/strong><\/p>\n<p>Oui! Prenez un cours \u00e0 l&rsquo;unit\u00e9 pour essayer, et si vous vous inscrivez dans le m\u00eame mois, il sera d\u00e9duit du pack que vous choisissez!<\/p>\n<p><strong>Si vous ne pouvez pas assister \u00e0 un cours un jour&#8230; ?<\/strong><\/p>\n<p>Ne vous inqui\u00e9tez pas! Vous pouvez r\u00e9cup\u00e9rer les cours manqu\u00e9s<br \/>\n&#8211; Dans le m\u00eame mois (ou trimestre si vous avez un forfait trimestriel)<\/p>\n<p>&#8211; Avec le m\u00eame professeur, ou avec un professeur invit\u00e9 si disponible &#8211; Dans un niveau \u00e9gal ou inf\u00e9rieur au v\u00f4tre<\/p>\n<p><strong>Comment puis-je payer? <\/strong><\/p>\n<p>Vous pouvez payer votre cours \u00e0 l&rsquo;unit\u00e9 avec Bizum, PayPal, Revolut ou virement bancaire. Mois ou trimestre avec Bizum, Paypal, Revolut, virement bancaire ou en esp\u00e8ces.<\/p>\n<p><strong>Comment puis-je m&rsquo;inscrire? <\/strong><\/p>\n<p>Pour assister \u00e0 un cours, il est n\u00e9cessaire de r\u00e9server votre place. Consultez notre \u00e9quipe pour conna\u00eetre les modalit\u00e9s de reservation.<\/p>\n<p><strong>Puis-je filmer le cours?<\/strong><\/p>\n<p>Il n&rsquo;est pas permis de filmer pendant les cours, mais vous pouvez demander un r\u00e9sum\u00e9 \u00e0 la fin du cours.<span style=\"color: #ffffff;\">C<\/span><\/p>\n<h2 style=\"text-align: center;\">Cours priv\u00e9s et semi-priv\u00e9s<\/h2>\n<h4 style=\"text-align: left;\">Vous recherchez une option plus personnalis\u00e9e?<\/h4>\n<p style=\"text-align: left;\"><strong>Vous \u00eates au bon endroit!<\/strong><\/p>\n<p>&#8211; Am\u00e9liorez votre technique et votre musicalit\u00e9<br \/>\n&#8211; R\u00e9solvez vos doutes et corrigez vos habitudes<br \/>\n&#8211; R\u00e9visez ce que vous avez appris dans les cours de groupe<\/p>\n<p>&#8211; Pr\u00e9parez votre bal de mariage!<\/p>\n<p><strong>2&#215;1 en cours priv\u00e9<\/strong> (amenez votre partenaire sans frais suppl\u00e9mentaires)<\/p>\n<ul>\n<li>1 cours (60&prime;) 110 euros<\/li>\n<li>5 cours 450 euros<\/li>\n<li>10 cours 840 euros<\/li>\n<\/ul>\n<p><strong>Semipriv\u00e9s<\/strong><\/p>\n<ul>\n<li>30 euros par personne<\/li>\n<\/ul>\n<p><em>*minimum 4 personnes<\/em><\/p>\n<\/div>\n<\/div>\n<\/div>\n<\/div>\n<\/div>\n<\/div>\n<p data-start=\"730\" data-end=\"782\"><strong data-start=\"730\" data-end=\"782\">*Pack Nuptial : \u201cFOREVER TANGO LOVERS Experience\u201d<\/strong><\/p>\n<p data-start=\"784\" data-end=\"966\">Une exp\u00e9rience pr\u00e9nuptiale con\u00e7ue pour cr\u00e9er un lien indissoluble \u00e0 travers le Tango et briller le jour du mariage avec une danse sensationnelle qui laissera tout le monde sans voix.<\/p>\n<p data-start=\"968\" data-end=\"1000\">Cette aventure \u00e0 deux comprend :<\/p>\n<ul data-start=\"1002\" data-end=\"1279\">\n<li data-start=\"1002\" data-end=\"1101\">\n<p data-start=\"1004\" data-end=\"1101\">Cr\u00e9ation chor\u00e9graphique sur mesure sur la musique de votre choix \u2014&gt; <strong>valeur 700 \u20ac + TVA OFFERT<\/strong><\/p>\n<\/li>\n<li data-start=\"1103\" data-end=\"1213\">\n<p data-start=\"1105\" data-end=\"1213\">10 s\u00e9ances de coaching et d\u2019entra\u00eenement pour construire ensemble la chor\u00e9graphie et la rendre spectaculaire<\/p>\n<\/li>\n<li data-start=\"1215\" data-end=\"1279\">\n<p data-start=\"1217\" data-end=\"1279\">1 cours collectif niveau d\u00e9butant pour le couple \u2014&gt; <strong data-start=\"1269\" data-end=\"1279\">OFFERT<\/strong><\/p>\n<\/li>\n<\/ul>\n<p data-start=\"1281\" data-end=\"1309\"><strong data-start=\"1281\" data-end=\"1309\">Total : 420 \u20ac \/ personne<\/strong><\/p>\n<p>&nbsp;<\/p>\n<p><a href=\"https:\/\/el-puntazo.com\/algunos-consejos-antes-de-empezar\/\">Quelques conseils suppl\u00e9mentaires sur les chaussures, la tenue vestimentaire, l&rsquo;hygi\u00e8ne personnelle avant votre<\/a><br \/>\npremier cours&#8230;<\/p>\n<p><strong>Nous esp\u00e9rons que vous vous joindrez tr\u00e8s bient\u00f4t \u00e0 El Puntazo Tango Studio!<\/strong><br \/>\n<strong>Nous vous attendons!<\/strong><\/p>\n<p>&nbsp;<\/p>\n<p style=\"text-align: center;\"><a href=\"https:\/\/el-puntazo.com\/en\/classesguide\/\">Des questions suppl\u00e9mentaires? Cliquez ici<\/a><\/p>\n<p style=\"text-align: center;\"><a href=\"https:\/\/el-puntazo.com\/fr\/inscription-au-premier-cours\/\">JE VEUX M&rsquo;INSCRIRE<\/a><\/p>\n<p>&nbsp;<\/p>\n<p>&nbsp;<\/p>\n<p><strong>EL PUNTAZO ESTUDIO DE TANGO<\/strong><br \/>\nC\/Casanova, 3 esc. izq. entlo. 9<br \/>\n08011 Barcelona<\/p>\n<div class=\"page\" title=\"Page 1\">\n<div class=\"section\">\n<div class=\"layoutArea\">\n<div class=\"column\">\n<div class=\"page\" title=\"Page 3\">\n<div class=\"section\">\n<p>&nbsp;<\/p>\n<\/div>\n<\/div>\n<\/div>\n<\/div>\n<\/div>\n<\/div>\n","protected":false},"excerpt":{"rendered":"<p>C&rsquo;est g\u00e9nial que tu sois l\u00e0! &nbsp; Je suis Francesca Vaccari et je suis ravie de vous accueillir dans cet espace. Si vous souhaitez connaitre toutes les informations sur les cours El Puntazo Studio de Tango, je vous invite \u00e0 continuer \u00e0 lire ! &nbsp; Cours en groupe &nbsp; Nous vous aidons \u00e0 choisir le [&hellip;]<\/p>\n","protected":false},"author":9,"featured_media":0,"parent":0,"menu_order":0,"comment_status":"closed","ping_status":"closed","template":"","meta":{"footnotes":""},"_links":{"self":[{"href":"https:\/\/el-puntazo.com\/fr\/wp-json\/wp\/v2\/pages\/7820"}],"collection":[{"href":"https:\/\/el-puntazo.com\/fr\/wp-json\/wp\/v2\/pages"}],"about":[{"href":"https:\/\/el-puntazo.com\/fr\/wp-json\/wp\/v2\/types\/page"}],"author":[{"embeddable":true,"href":"https:\/\/el-puntazo.com\/fr\/wp-json\/wp\/v2\/users\/9"}],"replies":[{"embeddable":true,"href":"https:\/\/el-puntazo.com\/fr\/wp-json\/wp\/v2\/comments?post=7820"}],"version-history":[{"count":23,"href":"https:\/\/el-puntazo.com\/fr\/wp-json\/wp\/v2\/pages\/7820\/revisions"}],"predecessor-version":[{"id":10677,"href":"https:\/\/el-puntazo.com\/fr\/wp-json\/wp\/v2\/pages\/7820\/revisions\/10677"}],"wp:attachment":[{"href":"https:\/\/el-puntazo.com\/fr\/wp-json\/wp\/v2\/media?parent=7820"}],"curies":[{"name":"wp","href":"https:\/\/api.w.org\/{rel}","templated":true}]}}