{"id":9386,"date":"2021-08-20T15:04:56","date_gmt":"2021-08-20T15:04:56","guid":{"rendered":"https:\/\/el-puntazo.com\/?page_id=9386"},"modified":"2026-01-14T22:55:51","modified_gmt":"2026-01-14T22:55:51","slug":"fonctionnement-des-cours","status":"publish","type":"page","link":"https:\/\/el-puntazo.com\/fr\/fonctionnement-des-cours\/","title":{"rendered":"Fonctionnement des Cours Collectifs Ann\u00e9e Scolaire 2025-2026"},"content":{"rendered":"<section  class='av_textblock_section av-m0s2gevn-d9a5d240302696b1cf6e61f53985a4f0'  itemscope=\"itemscope\" itemtype=\"https:\/\/schema.org\/CreativeWork\" ><div class='avia_textblock'  itemprop=\"text\" ><div class=\"flex-shrink-0 flex flex-col relative items-end\">\n<div>\n<div class=\"pt-0\">\n<div class=\"gizmo-bot-avatar flex h-8 w-8 items-center justify-center overflow-hidden rounded-full\">\n<div class=\"relative p-1 rounded-sm flex items-center justify-center bg-token-main-surface-primary text-token-text-primary h-8 w-8\">Bienvenue \u00e0 El Puntazo Estudio de Tango !<\/div>\n<\/div>\n<\/div>\n<\/div>\n<\/div>\n<div class=\"group\/conversation-turn relative flex w-full min-w-0 flex-col agent-turn\">\n<div class=\"flex-col gap-1 md:gap-3\">\n<div class=\"flex max-w-full flex-col flex-grow\">\n<div class=\"min-h-[20px] text-message flex w-full flex-col items-end gap-2 whitespace-normal break-words [.text-message+&amp;]:mt-5\" dir=\"auto\" data-message-author-role=\"assistant\" data-message-id=\"90782b8d-bac8-45bd-886c-02dddb2c9323\">\n<div class=\"flex w-full flex-col gap-1 empty:hidden first:pt-[3px]\">\n<div class=\"markdown prose w-full break-words dark:prose-invert light\">\n<p>Vous trouverez ci-dessous un guide sur le fonctionnement des cours collectifs pour l&rsquo;ann\u00e9e scolaire 2025-2026. Lisez-le attentivement\u2026 et au tango !<\/p>\n<p><strong>COUPLES<\/strong><\/p>\n<p>En g\u00e9n\u00e9ral, il n&rsquo;est pas n\u00e9cessaire d&rsquo;assister en couple, cependant, si vous n&rsquo;avez pas de partenaire, veuillez toujours confirmer avec notre coordinatrice ou notre \u00e9quipe qu&rsquo;il y a des places disponibles pour votre r\u00f4le (leader ou follower)&#8230; et si vous vous inscrivez en couple, c&rsquo;est encore mieux !<\/p>\n<p><strong>COURS D&rsquo;ESSAI<\/strong><\/p>\n<p>Si vous n&rsquo;\u00eates pas encore s\u00fbr(e) de vouloir vous inscrire pour le mois complet, si vous souhaitez d\u00e9couvrir ma m\u00e9thode d&rsquo;enseignement, ou simplement voir si le Tango vous s\u00e9duit avant de vous inscrire, vous pouvez prendre un cours individuel, dont le tarif est de 20 euros, comme vous le verrez ci-dessous.<\/p>\n<p>Si, apr\u00e8s avoir pay\u00e9 le cours d&rsquo;essai, vous d\u00e9cidez de vous inscrire pour le mois, les 20 euros seront d\u00e9duits et vous n&rsquo;aurez qu&rsquo;\u00e0 payer la diff\u00e9rence (voir la section \u00ab\u00a0<a href=\"https:\/\/el-puntazo.com\/fr\/tout-ce-que-vous-devez-savoir-pour-commencer-vos-cours-de-tango-argentin\/\">TARIFS<\/a>\u00ab\u00a0).<\/p>\n<p>Si vous prenez votre cours d&rsquo;essai vers la fin du mois, il est probable qu&rsquo;il soit plus avantageux de continuer \u00e0 payer pour des cours individuels jusqu&rsquo;au d\u00e9but du mois suivant. En cas de doute, consultez notre \u00e9quipe pour planifier votre plan mensuel de la mani\u00e8re la plus pratique pour vous.<\/p>\n<div class=\"flex-1 overflow-hidden\">\n<div class=\"h-full\">\n<div class=\"react-scroll-to-bottom--css-xwiax-79elbk h-full\">\n<div class=\"react-scroll-to-bottom--css-xwiax-1n7m0yu\">\n<div class=\"flex flex-col text-sm md:pb-9\">\n<article class=\"w-full text-token-text-primary focus-visible:outline-2 focus-visible:outline-offset-[-4px]\" dir=\"auto\" data-testid=\"conversation-turn-29\" data-scroll-anchor=\"true\">\n<div class=\"text-base py-[18px] px-3 md:px-4 m-auto w-full md:px-5 lg:px-1 xl:px-5\">\n<div class=\"mx-auto flex flex-1 gap-4 text-base md:gap-5 lg:gap-6 md:max-w-3xl lg:max-w-[40rem] xl:max-w-[48rem]\">\n<div class=\"group\/conversation-turn relative flex w-full min-w-0 flex-col agent-turn\">\n<div class=\"flex-col gap-1 md:gap-3\">\n<div class=\"flex max-w-full flex-col flex-grow\">\n<div class=\"min-h-[20px] text-message flex w-full flex-col items-end gap-2 whitespace-normal break-words [.text-message+&amp;]:mt-5\" dir=\"auto\" data-message-author-role=\"assistant\" data-message-id=\"51d9113f-00b7-4236-812b-1fb0e68dd391\">\n<div class=\"flex w-full flex-col gap-1 empty:hidden first:pt-[3px]\">\n<div class=\"markdown prose w-full break-words dark:prose-invert light\">\n<p><strong>NIVEAUX<\/strong><\/p>\n<p>Les cours collectifs sont divis\u00e9s par niveaux pour faciliter l&rsquo;apprentissage individuel et du groupe. Consultez le niveau le plus appropri\u00e9 pour vous afin de mieux profiter des cours. Parfois, surtout si vous n&rsquo;avez jamais pris de cours avec moi, commencer par les cours pour d\u00e9butants, m\u00eame si vous dansez depuis un certain temps, peut \u00eatre une excellente fa\u00e7on de construire une base solide et de progresser plus rapidement. Nous \u00e9valuerons ensemble votre situation individuelle et je vous recommanderai la meilleure option pour d\u00e9velopper au maximum votre potentiel. Dans tous les cas, je vous assure que vous ne vous ennuierez pas<\/p>\n<p><strong>HORAIRES, ASSIDUIT\u00c9 ET R\u00c9CUP\u00c9RATION DES COURS<\/strong><\/p>\n<p>Les horaires des cours collectifs avec moi sont libres et flexibles selon vos pr\u00e9f\u00e9rences.<\/p>\n<p>En cas d&rsquo;absence, je vous remercie de nous informer d\u00e8s que possible* (voir RESERVATION ET POLITIQUE D&rsquo;ANNULATION) afin de ne laisser personne sans partenaire.<\/p>\n<p>Vous pourrez r\u00e9cup\u00e9rer le cours manqu\u00e9 quand vous le souhaitez, dans un autre groupe de niveau \u00e9gal ou inf\u00e9rieur, tout au long du mois. Consultez-nous pour trouver la meilleure option et ne pas perdre de cours.<\/p>\n<p>Dans tous les cas, et ind\u00e9pendamment de la raison de l&rsquo;absence, les cours manqu\u00e9s ne peuvent \u00eatre r\u00e9cup\u00e9r\u00e9s que durant le mois en cours.<\/p>\n<p>N&rsquo;oubliez pas que la constance et l&rsquo;engagement envers vous-m\u00eame et le groupe sont les meilleures fa\u00e7ons de progresser rapidement !<\/p>\n<p>Si vous ne trouvez pas un horaire qui convient parfaitement \u00e0 vos besoins, contactez notre \u00e9quipe pour \u00e9valuer la possibilit\u00e9 d&rsquo;ouvrir un nouveau groupe \u00e0 un horaire plus pratique pour vous.<\/p>\n<p>Si vous savez d&rsquo;avance que vos horaires fluctuent et que vous ne pouvez pas \u00eatre r\u00e9gulier, ne vous inqui\u00e9tez pas, faites-moi part de votre situation particuli\u00e8re et nous trouverons facilement une solution ensemble !<\/p>\n<p><strong>FILMAGE DES COURS<\/strong><\/p>\n<p>Il n&rsquo;est pas permis de filmer pendant les cours, mais vous pouvez demander un r\u00e9sum\u00e9 \u00e0 la fin du cours.<\/p>\n<p><strong>R\u00c9SERVATION DE LA PLACE ET POLITIQUE D&rsquo;ANNULATION<\/strong><\/p>\n<p>Pour garantir votre place tout au long du mois, je vous recommande de choisir un abonnement mensuel ou trimestriel et de r\u00e9server au d\u00e9but du mois. Contactez l&rsquo;\u00e9quipe d&rsquo;El Puntazo pour finaliser votre r\u00e9servation.<\/p>\n<p>Cependant, vous pouvez \u00e9galement choisir le format \u00ab cours individuel \u00bb (voir section PACKS), mais dans ce cas, votre r\u00e9servation est uniquement valable pour ce jour pr\u00e9cis. Si vous choisissez cette option, rappelez-vous de v\u00e9rifier la disponibilit\u00e9 des places chaque semaine et de confirmer votre r\u00e9servation quotidienne en effectuant un paiement Bizum pour le cours avant 14h00.<\/p>\n<p>Si vous \u00eates nouveau, pour r\u00e9server votre place, vous devrez remplir le formulaire que vous avez re\u00e7u en nous contactant et ensuite payer le montant de votre cours d&rsquo;essai. Si vous d\u00e9cidez ensuite de vous inscrire pour le mois complet, le montant du cours d&rsquo;essai sera d\u00e9duit du total.<\/p>\n<p><strong>Politique d&rsquo;annulation :<\/strong> Si vous avez d\u00e9j\u00e0 confirm\u00e9 votre place, vous pouvez annuler votre r\u00e9servation jusqu&rsquo;\u00e0 14h00 le jour de votre cours. Si vous annulez apr\u00e8s cet horaire ou si vous ne vous pr\u00e9sentez pas, cela sera consid\u00e9r\u00e9 comme un \u00ab\u00a0no show\u00a0\u00bb et vous ne pourrez pas r\u00e9cup\u00e9rer le cours.<\/p>\n<p><strong>V\u00caTEMENTS, CHAUSSURES ET HYGI\u00c8NE<\/strong><\/p>\n<p>Pour les cours, il n&rsquo;est pas n\u00e9cessaire de porter des v\u00eatements sp\u00e9cifiques, l&rsquo;important est que vous soyez \u00e0 l&rsquo;aise et que vous puissiez bouger librement.<\/p>\n<p>En ce qui concerne les chaussures, si vous avez des chaussures de tango ou de danse latine ou de salon, apportez-les. Si vous ne les avez pas, ne vous inqui\u00e9tez pas. Pour commencer, vous pouvez porter des chaussures avec une semelle en cuir ou en daim et avec un petit talon pour les femmes. Les baskets ou les chaussures avec une semelle en caoutchouc, ainsi que les bottes et les bottines, ne sont pas recommand\u00e9es, car elles ne permettent pas de glisser correctement ; cependant, si vous n&rsquo;avez que des chaussures en caoutchouc, cela ne posera pas de probl\u00e8me au d\u00e9but. Le moment venu, je vous conseillerai sur o\u00f9 acheter des chaussures adapt\u00e9es ou vous proposerai des chaussures d&rsquo;occasion si vous le souhaitez.<\/p>\n<p>Pour le cours, utilisez des chaussures propres qui n&rsquo;ont pas touch\u00e9 la rue ou que vous avez d\u00e9sinfect\u00e9es avant de venir, vous devrez vous d\u00e9chausser et changer de chaussures avant d&rsquo;entrer dans la salle.<\/p>\n<p>\u00c0 l&rsquo;entr\u00e9e, vous trouverez du gel hydroalcoolique ou vous pouvez vous laver les mains avec du savon naturel dans les toilettes.<\/p>\n<p>Rappelez-vous que le tango est une danse de couple et que nous sommes en contact \u00e9troit avec notre partenaire. Une hygi\u00e8ne impeccable est indispensable pour que tout le monde puisse profiter du cours. Si vous ne venez pas directement de chez vous, il n&rsquo;est pas superflu d&rsquo;apporter du d\u00e9odorant, de la poudre pour les pieds et un bain de bouche ou des chewing-gums. Votre partenaire vous en sera reconnaissant !<\/p>\n<p><strong>FORMULES DE PAIEMENT<\/strong><\/p>\n<p>Selon vos besoins et pr\u00e9f\u00e9rences, vous pouvez choisir entre deux formules de paiement diff\u00e9rentes :<\/p>\n<ol>\n<li><strong>Cours individuel<\/strong><\/li>\n<\/ol>\n<p>Se paie \u00e0 la pi\u00e8ce et sert \u00e9galement de cours d&rsquo;essai. Je recommande cette option si vous ne pouvez pas \u00eatre constant(e) dans vos cours. Le cours individuel se r\u00e8gle uniquement par Bizum ou virement bancaire avant 14h00 le jour du cours.<\/p>\n<ol start=\"2\">\n<li><strong>Abonnement mensuel<\/strong><\/li>\n<\/ol>\n<p>Se paie au d\u00e9but du mois et est valable jusqu&rsquo;au dernier jour ouvrable du m\u00eame mois. Vous pourrez utiliser le nombre de cours mensuels que vous avez choisis selon votre plan d&rsquo;\u00e9tude et les semaines d&rsquo;enseignement du calendrier (voir <a href=\"https:\/\/el-puntazo.com\/fr\/tout-ce-que-vous-devez-savoir-pour-commencer-vos-cours-de-tango-argentin\/\">TARIFS<\/a> 2025-2026).<\/p>\n<p>Je recommande cette option pour garantir votre place tout au long du mois et vous motiver \u00e0 \u00eatre r\u00e9gulier, pour ainsi apprendre plus rapidement !<\/p>\n<p>L&rsquo;abonnement mensuel peut \u00eatre pay\u00e9 50 % lors de la r\u00e9servation et 50 % en esp\u00e8ces le premier jour du cours, ou si vous pr\u00e9f\u00e9rez, par Bizum ou virement bancaire. Si vous avez pay\u00e9 pour un cours d&rsquo;essai et d\u00e9cidez ensuite de vous inscrire pour le mois, vous n&rsquo;aurez qu&rsquo;\u00e0 payer la diff\u00e9rence.<\/p>\n<ol start=\"3\">\n<li><strong>Abonnement trimestriel<\/strong><\/li>\n<\/ol>\n<p>Se paie 50 % lors de la r\u00e9servation et 50 % au d\u00e9but des cours, et est valable jusqu&rsquo;au dernier jour ouvrable du troisi\u00e8me mois. (Exemple : si vous commencez le 1er f\u00e9vrier, votre abonnement est valable jusqu&rsquo;au 30 avril). Vous pourrez utiliser le nombre de cours mensuels que vous avez choisis selon votre plan d&rsquo;\u00e9tude et les semaines d&rsquo;enseignement du calendrier (si vous commencez en cours de mois, par exemple le 15 f\u00e9vrier, vous avez jusqu&rsquo;au dernier jour d&rsquo;avril pour consommer tous les cours inclus dans le pack que vous avez choisi).<\/p>\n<p>Je recommande cette option pour vous motiver \u00e0 \u00eatre r\u00e9gulier et pour profiter d&rsquo;un d\u00e9lai plus long pour utiliser ou rattraper vos cours, en plus d&rsquo;un tarif r\u00e9duit pour r\u00e9compenser votre assiduit\u00e9 !<\/p>\n<p>L&rsquo;abonnement trimestriel peut \u00eatre pay\u00e9 50 % lors de la r\u00e9servation et 50 % en esp\u00e8ces le premier jour du cours, ou si vous pr\u00e9f\u00e9rez, par Bizum ou virement bancaire. Si vous avez pay\u00e9 pour un cours d&rsquo;essai et d\u00e9cidez ensuite de vous inscrire pour le trimestre, vous n&rsquo;aurez qu&rsquo;\u00e0 payer la diff\u00e9rence.<\/p>\n<\/div>\n<\/div>\n<div class=\"flex w-full flex-col gap-1 empty:hidden first:pt-[3px]\">\n<div class=\"markdown prose w-full break-words dark:prose-invert light\">\n<p><strong>Et voil\u00e0&#8230; maintenant, dansez!<\/strong><\/p>\n<p>N&rsquo;oubliez pas que pour toute question, demande ou suggestion, nous sommes \u00e0 votre enti\u00e8re disposition, en personne avant les cours ou par WhatsApp (+34 673908852), e-mail (<a rel=\"noopener\">info@el-puntazo.com<\/a>) ou formulaire de contact sur le site <a href=\"http:\/\/www.francesca-vaccari-tango.com\" target=\"_new\" rel=\"noopener\">www.francesca-vaccari-tango.com<\/a>.<\/p>\n<p><strong>C\u00e2lins tangueros !<\/strong><\/p>\n<p>Francesca<\/p>\n<p><a href=\"https:\/\/el-puntazo.com\/fr\/reservez-votre-cours-en-ligne\/\"><strong>Je souhaite m&rsquo;inscrire maintenant<\/strong><\/a><\/p>\n<\/div>\n<\/div>\n<\/div>\n<\/div>\n<\/div>\n<\/div>\n<\/div>\n<\/div>\n<\/article>\n<\/div>\n<\/div>\n<\/div>\n<\/div>\n<\/div>\n<\/div>\n<\/div>\n<\/div>\n<\/div>\n<\/div>\n<\/div>\n<\/div><\/section>\n","protected":false},"excerpt":{"rendered":"","protected":false},"author":10,"featured_media":0,"parent":0,"menu_order":0,"comment_status":"closed","ping_status":"closed","template":"","meta":{"footnotes":""},"_links":{"self":[{"href":"https:\/\/el-puntazo.com\/fr\/wp-json\/wp\/v2\/pages\/9386"}],"collection":[{"href":"https:\/\/el-puntazo.com\/fr\/wp-json\/wp\/v2\/pages"}],"about":[{"href":"https:\/\/el-puntazo.com\/fr\/wp-json\/wp\/v2\/types\/page"}],"author":[{"embeddable":true,"href":"https:\/\/el-puntazo.com\/fr\/wp-json\/wp\/v2\/users\/10"}],"replies":[{"embeddable":true,"href":"https:\/\/el-puntazo.com\/fr\/wp-json\/wp\/v2\/comments?post=9386"}],"version-history":[{"count":17,"href":"https:\/\/el-puntazo.com\/fr\/wp-json\/wp\/v2\/pages\/9386\/revisions"}],"predecessor-version":[{"id":10675,"href":"https:\/\/el-puntazo.com\/fr\/wp-json\/wp\/v2\/pages\/9386\/revisions\/10675"}],"wp:attachment":[{"href":"https:\/\/el-puntazo.com\/fr\/wp-json\/wp\/v2\/media?parent=9386"}],"curies":[{"name":"wp","href":"https:\/\/api.w.org\/{rel}","templated":true}]}}