{"id":3843,"date":"2018-08-08T08:02:56","date_gmt":"2018-08-08T08:02:56","guid":{"rendered":"http:\/\/el-puntazo.com\/?page_id=3843"},"modified":"2018-08-20T16:32:59","modified_gmt":"2018-08-20T16:32:59","slug":"un-po-di-tango-a-barcellona","status":"publish","type":"page","link":"https:\/\/el-puntazo.com\/it\/un-po-di-tango-a-barcellona\/","title":{"rendered":"UN PO\u2019 DI TANGO A BARCELLONA"},"content":{"rendered":"\n<style type=\"text\/css\" data-created_by=\"avia_inline_auto\" id=\"style-css-av-av_section-72b66ffb6ad7d37cb59a1eafde3ae59a\">\n.avia-section.av-av_section-72b66ffb6ad7d37cb59a1eafde3ae59a{\nbackground-color:#000000;\n}\n<\/style>\n<div id='av_section_1'  class='avia-section av-av_section-72b66ffb6ad7d37cb59a1eafde3ae59a main_color avia-section-default avia-no-shadow  avia-builder-el-0  el_before_av_section  avia-builder-el-first  avia-bg-style-scroll container_wrap fullsize'  ><div class='container av-section-cont-open' ><main  role=\"main\" itemprop=\"mainContentOfPage\"  class='template-page content  av-content-full alpha units'><div class='post-entry post-entry-type-page post-entry-3843'><div class='entry-content-wrapper clearfix'>\n<section  class='av_textblock_section av-av_textblock-2de302bf1aa3cf4c9157dbe6f50ac7eb'  itemscope=\"itemscope\" itemtype=\"https:\/\/schema.org\/CreativeWork\" ><div class='avia_textblock'  itemprop=\"text\" ><h1 style=\"text-align: center;\"><span style=\"color: #ffffff;\">Un po&#8217; di tango a Barcellona<\/span><\/h1>\n<\/div><\/section>\n\n<\/div><\/div><\/main><!-- close content main element --><\/div><\/div>\n<style type=\"text\/css\" data-created_by=\"avia_inline_auto\" id=\"style-css-av-av_section-5730c575a35565a9f4b31427dd7d1e8e\">\n.avia-section.av-av_section-5730c575a35565a9f4b31427dd7d1e8e{\nbackground-repeat:no-repeat;\nbackground-image:url(https:\/\/el-puntazo.com\/wp-content\/uploads\/2018\/08\/barcelona-tango-BN_C-1.jpg);\nbackground-position:50% 50%;\nbackground-attachment:fixed;\n}\n<\/style>\n<div id='av_section_2'  class='avia-section av-av_section-5730c575a35565a9f4b31427dd7d1e8e main_color avia-section-no-padding avia-no-shadow  avia-builder-el-2  el_after_av_section  el_before_av_two_third  avia-full-stretch avia-bg-style-fixed container_wrap fullsize'  data-section-bg-repeat='stretch'><div class='container av-section-cont-open' ><div class='template-page content  av-content-full alpha units'><div class='post-entry post-entry-type-page post-entry-3843'><div class='entry-content-wrapper clearfix'>\n\n<style type=\"text\/css\" data-created_by=\"avia_inline_auto\" id=\"style-css-av-av_hr-373523e22f0366b13a549278f1ad345e\">\n#top .hr.hr-invisible.av-av_hr-373523e22f0366b13a549278f1ad345e{\nheight:10px;\n}\n<\/style>\n<div  class='hr av-av_hr-373523e22f0366b13a549278f1ad345e hr-invisible  avia-builder-el-3  avia-builder-el-no-sibling '><span class='hr-inner '><span class=\"hr-inner-style\"><\/span><\/span><\/div>\n<\/div><\/div><\/div><!-- close content main div --><\/div><\/div><div id='after_section_2'  class='main_color av_default_container_wrap container_wrap fullsize'  ><div class='container av-section-cont-open' ><div class='template-page content  av-content-full alpha units'><div class='post-entry post-entry-type-page post-entry-3843'><div class='entry-content-wrapper clearfix'>\n\n<style type=\"text\/css\" data-created_by=\"avia_inline_auto\" id=\"style-css-av-av_two_third-15d750bd1b332b34c6e70b077ebbccdf\">\n.flex_column.av-av_two_third-15d750bd1b332b34c6e70b077ebbccdf{\nborder-radius:0px 0px 0px 0px;\n-webkit-border-radius:0px 0px 0px 0px;\n-moz-border-radius:0px 0px 0px 0px;\n}\n<\/style>\n<div class='flex_column av-av_two_third-15d750bd1b332b34c6e70b077ebbccdf av_two_third  avia-builder-el-4  el_after_av_section  el_before_av_one_third  avia-builder-el-first  first flex_column_div av-zero-column-padding '   ><section  class='av_textblock_section av-av_textblock-2de302bf1aa3cf4c9157dbe6f50ac7eb'  itemscope=\"itemscope\" itemtype=\"https:\/\/schema.org\/CreativeWork\" ><div class='avia_textblock'  itemprop=\"text\" ><h2><span style=\"font-weight: 400;\">Tango: una sintesi della vita<\/span><\/h2>\n<p><span style=\"font-weight: 400;\">Una delle cose che gli amanti del Tango sostengono insistentemente \u00e8 che, in qualche modo, il Tango non \u00e8 se non una rappresentazione della societ\u00e0 in generale.<\/span><\/p>\n<p><span style=\"font-weight: 400;\">Lo ripetiamo como un mantra quando vogliamo difenderlo da qualche accusa &#8220;questo succede in generale nella vita&#8221; oppure &#8220;nella vita quotidiana questo succede sempre&#8221;. <\/span><\/p>\n<p><span style=\"font-weight: 400;\">Ed ecco che il Tango inizia a diventare un capitolo che, nonostante la nostra stessa affermazione, non \u00e8 poi cos\u00ec normale e non forma parte del tutto. <\/span><\/p>\n<p><span style=\"font-weight: 400;\">Eppure lo rappresenta.<\/span><\/p>\n<h2><span style=\"font-weight: 400;\">Il tango: la cosa pi\u00f9 vera che ti succeder\u00e0 nella vita<\/span><\/h2>\n<p><span style=\"font-weight: 400;\">\u00c8 per questo che il Tango sembra una specie di microcosmo distintivo dell&#8217;altro, quello macro, cio\u00e8 il mondo reale. Dove &#8220;reale&#8221; \u00e8 soltanto una concessione fatta all&#8217;ascoltatore poco avvezzo al Tango, perch\u00e8 per i tangueri, non solo il Tango \u00e8 reale (e parleremo, in altri articoli, della materializzazione ideale del Tango come entit\u00e0 astratta e allo stesso tempo palpabile) ma \u00e8 anche la cosa pi\u00f9 vera che succeder\u00e0 nella loro vita, probabilmente spazzando via qualsiasi altra verit\u00e0 che ne abbia fatto parte fino a quel momento. <\/span><\/p>\n<h2><span style=\"font-weight: 400;\">Barcellona: Il centro del pianeta tango in Europa<\/span><\/h2>\n<p><span style=\"font-weight: 400;\">Ma oggi parleremo del Tango a Barcellona e quindi, se io fossi al tuo posto, caro lettore, mi chiederei cosa c&#8217;entra il discorso sul Tango come rappresentazione delle dinamiche sociali in generale. Ed \u00e8 proprio l\u00ec che troveremo subito la risposta: cos\u00ec come accade con il resto del mondo ( innamorato di Barcellona, delle sue spiagge, la sua energia di facile accesso ai piaceri, la sua tradizione e allo stesso tempo il suo carattere cosmopolita, la sua storia combinata con la modernit\u00e0 pi\u00f9 innovativa di questo secolo e quel &#8220;non so che&#8221; che fa innamorare il mondo), improvvisamente sembrerebbe che tutto il tango stia venendo a Barcellona.<\/span><\/p>\n<h2><span style=\"font-weight: 400;\">E com&#8217;\u00e8?<\/span><\/h2>\n<p><span style=\"font-weight: 400;\">\u00c8 cos\u00ec e cos\u00ec \u00e8, senza complicarsi troppo. Perch\u00e8 improvvisamente questa citt\u00e0 che per i motivi pi\u00f9 variopinti \u00e8 diventata un po&#8217; il centro del pianeta, ha cominciato allo stesso tempo \u00a0( e probabilmente come conseguenza) a diventare il centro del pianeta Tango, almeno in Europa.<\/span><\/p>\n<p><span style=\"font-weight: 400;\">Cosa non da poco, peraltro, se teniamo conto che il Tango in Spagna non \u00e8 mai stato ci\u00f2 che ha saputo essere in altri paesi d&#8217;Europa, come in Francia fin dall&#8217;inizio, Italia dalla riscoperta del Tango negli ultimi due decenni o perfino in Turchia nell&#8217;ultimo quinquennio.<\/span><\/p>\n<p><span style=\"font-weight: 400;\">No, il Tango non ha mai trionfato in Spagna como lo ha fatto in quelli e in tanti altri paesi europei ( o nordamericani o asiatici) eppure eccolo l\u00ed a conquistare Barcellona, in maniera tenue e discreta, ma senza pausa, come le onde dei suoi mari calmi che appena sembrano percorrere il Mediterraneo, ma non per questo smetter\u00e0 mai di farlo, inarrestabile.<\/span><\/p>\n<p><span style=\"font-weight: 400;\">Se lanciamo un&#8217;occhiata veloce, quello che vedremo all&#8217;inizio non saranno altro che luci fatue, cio\u00e8 la lucentezza distinta di alcune figure del fermamento tanguero che, quasi senza annunciarlo, ma pi\u00f9 o meno tutte insieme, sembrano essersi riversate massicciamente in citt\u00e0 per viverci, senza per\u00f2 che questo significhi che la dinamica sociale della citt\u00e0 debba necessariamente crescere in maniera proporzionale a chi ci vive.<\/span><\/p>\n<p><span style=\"font-weight: 400;\">Eppure lo fa.<\/span><\/p>\n<h2>Il tango \u00e8 cresciuto a Barcellona a un ritmo vertiginoso<\/h2>\n<p><span style=\"font-weight: 400;\">Ed eccoci qui di nuovo a chiederci per secoli se \u00e8 nato prima l&#8217;uovo o la gallina.<\/span><\/p>\n<p><span style=\"font-weight: 400;\">La societ\u00e0 del tango di Barcellona \u00e8 cresciuta improvvisamente e in grande quantit\u00e0 perch\u00e9 alcuni dei suoi migliori esponenti si sono trasferiti l\u00ec oppure i bravi ballerini hanno deciso di esplorare quell&#8217;orizzonte perch\u00e8 ora avrebbero potuto vivere in una citt\u00e0 che finalmente godeva di un buon panorama di tango? <\/span><\/p>\n<p><span style=\"font-weight: 400;\">Questa, come la prima, sar\u00e0 probabilmente una domanda senza risposta, per quanto il solo formularla ci indica ci\u00f2 che volevamo dire fin dall&#8217;inizio: il Tango \u00e8 cresciuto a Barcellona a un ritmo vertiginoso che lo ha reso uno dei centri di scena pi\u00f9 forti d&#8217;Europa, cosa che a occhi inesperti sembrer\u00e0 un risultato ottenuto dal giorno alla notte.<\/span><\/p>\n<p><span style=\"font-weight: 400;\">Tuttavia, si sa, \u00e8 difficile che qualcosa del genere accada cos\u00ec arbitrariamente. Di sicuro stiamo vedendo solo il finale di un processo che stava crescendo negli strati sotterranei, succedendo gi\u00e0 prima che lo potessimo vedere.<\/span><\/p>\n<h2>Casa Valencia, per molto tempo l&#8217;unica milonga di Barcellona.<\/h2>\n<p><span style=\"font-weight: 400;\">Perch\u00e8 il Tango si \u00e8 mantenuto latente a Barcellona fin dai tempi in cui Antonia decise di scommetterci ormai due decenni fa, istituendo una piccola comunit\u00e0 di stoici che appena potevano aspettare il gioved\u00ec per andare a ballare a Casa Valencia, l&#8217;unica milonga che per molto tempo si poteva trovare a Barcellona.<\/span><\/p>\n<p><span style=\"font-weight: 400;\">Erano altri tempi ed era un altro tango, ma l\u00ec c&#8217;era il nocciolo, seminato, latente.<\/span><\/p>\n<p><span style=\"font-weight: 400;\">Quelle facce fanno ancora parte della sfera tanghera catalana, anche se ora appena si possono riconoscere, soffocate (non per asfissia ma per abbracci) in mezzo a una gran quantit\u00e0 di facce nuove che popolano la scena, come i vecchi casolari di quei nonni che \u00a0sono gli unici del quartiere ad essersi rifiutati di venderli alle multinazionali e cos\u00ec rimangono l\u00ec, inamovibili.<\/span><\/p>\n<p><span style=\"font-weight: 400;\">Prima di questo copioso movimento di tangheri che non solo popolano tutte le milonghe barcellonesi ma che permettono addirittura che ce ne siano varie tutti i giorni, ci fu un evento che per pi\u00f9 di un decennio regal\u00f3 a Barcellona il suo momento di gloria, i suoi quattro giorni all&#8217;anno che ricordavano al piccolo mondo tanghero che la citt\u00e0 era viva e lo aspettava, anche se da lontano: il Festival di Sitges, l&#8217;altro attore centrale di una storia che ora non pu\u00f2 pi\u00f9 definirsi cos\u00ec chiaramente \u00a0con nomi, volti ed eventi, perch\u00e8 ormai ce ne sono di tutti i tipi. <\/span><\/p>\n<h2>Tango e Barcellona oggi: scuola di tango e milonghe in qualsiasi quartiere<\/h2>\n<p><span style=\"font-weight: 400;\">Ed eccoci arrivati ( a salti di canguro e ovviando dati con spigliatezza e tirannia) al giorno d&#8217;oggi, con una Barcellona piena zeppa di milonghe e opzioni per prendere lezioni, partecipare a stages e workshops e cos\u00ec conoscere, pur da una sponga cos\u00ec lontana da Buenos Aires, in cosa consiste questo fatto di ballare abbracciati e che il mondo resti fuori, di cosa \u00a0tratta questa faccenda &#8220;di borgata&#8221; e argentina che si \u00e8 esteso per il globo come un virus incurabile che tiene in scacco, per non dire ipnotizzati, migliaia di individui che si accalcano ogni notte, con gli occhi chiusi e i piedi leggeri, con la pelle che percepisce l&#8217;altro in maniera strana e sconosciuta, ma indubbiamente, colma di una passione subdola che si \u00e8 trasformata in un segreto come la formula della Coca-Cola, ma che a differenza di questa \u00e8 l\u00ec, a portata di mano per chi voglia conoscerla, con scuole e milonghe in qualunque quartiere, alla Barceloneta o nel Raval, al Gotico o a Poblenou, a Poblesec o semplicemente in qualche viale all&#8217;aria aperta, perch\u00e9 non importa dove, il Tango \u00e8 il camaleonte delle danze e degli spazi y si mette addosso il volto di chiunque e dovunque, finch\u00e9, alla fine, ci sar\u00e0 ancora una tanda, ancora un tango.<\/span><\/p>\n<h2>Barcellona offre \u00a0un catalogo di opzioni per imparare a ballare il tango<\/h2>\n<p><span style=\"font-weight: 400;\">Se sei tanghero e trotti per il mondo, a Barcellona le troverai tutte. <\/span><\/p>\n<p><span style=\"font-weight: 400;\">E se non lo sei, specialmente se non lo sei, oggi Barcellona offre un catalogo di opzioni per impararlo, catturarlo, parlarne, ballarlo e abbracciarlo fino alla fine&#8230;e non parlo della fine della tanda, ma della fine della vita, perch\u00e9 questo \u00e8 il Tango, un &#8220;andare in bicicletta&#8221; delle danze: lo imparerai in alcuni mesi e lo porterai addosso per sempre, fino all&#8217;ultimo passo e all&#8217;ultimo giorno, perch\u00e9 il tango \u00e8 democratico e fuori dal tempo, per ricchi e per poveri, belli e brutti, alti e bassi, giovani e anziani.<\/span><\/p>\n<h2 style=\"text-align: justify;\"><\/h2>\n<h2><b><span lang=\"EN\">L&#8217; energia del tango avvolge tutta Barcellona, nessuno escluso<\/span><\/b><\/h2>\n<p><span style=\"font-weight: 400;\">Vale poi la pena di menzionare che si \u00e8 creata un&#8217;atmosfera davvero variegata in citt\u00e0, cosa niente affatto comune. Il pi\u00f9 delle volte la comunit\u00e0 del tango di ogni citt\u00e0 crea un&#8217;energia particolare, distintiva, che generalmente devia dal solco generato ai suoi inizi. <\/span><\/p>\n<p><span style=\"font-weight: 400;\">Il tango a Barcellona invece si \u00e8 aperto a tutte le forme e gli ambienti ed \u00e8 singolare osservare \u00a0che ci siano milonghe per persone pi\u00f9 giovani e altre per persone pi\u00f9 anziane, eventi sofisticati o informali, lezioni costose in spazi di lusso o a offerta libera e con una strimpellata di chitarra nel mezzo e che si crea sempre un moto amichevole e rilassato che lo rende ricettivo e aperto permettendo cos\u00ec a tutti quanti di entrare a farne parte.<\/span><\/p>\n<p><span style=\"font-weight: 400;\">\u00c8 probabile che questa peculiarit\u00e0 sia uno dei motivi per cui il Tango si \u00e8 espanso cos\u00ec \u00a0tanto in citt\u00e0, poich\u00e9 si sa, quando si aprono le porte e quando iniziano a entrare le anime. <\/span><\/p>\n<p><span style=\"font-weight: 400;\">E concludiamo quindi come abbiamo iniziato, visto che questo \u00e8 Barcellona, tutta, una citt\u00e0 di porte aperte e stili variegati, disposta a crescere e lasciare che la vita balli la danza che ha voglia di ballare.<\/span><\/p>\n<p><span style=\"font-weight: 400;\">Per quanto, \u00e8 chiaro, se quel che balli \u00e8 il Tango, \u00e8 molto meglio. <\/span><\/p>\n<p><span style=\"font-weight: 400;\">Leonel A. Mitre<\/span><\/p>\n<\/div><\/section><\/div>\n\n<style type=\"text\/css\" data-created_by=\"avia_inline_auto\" id=\"style-css-av-av_one_third-2457c7134ef3a4288f7996dbffe0d40c\">\n.flex_column.av-av_one_third-2457c7134ef3a4288f7996dbffe0d40c{\nborder-width:1px;\nborder-color:#bfbfbf;\nborder-style:solid;\nborder-radius:10px 10px 10px 10px;\n-webkit-border-radius:10px 10px 10px 10px;\n-moz-border-radius:10px 10px 10px 10px;\npadding:10px 10px 10px 10px;\nbackground-color:#f2f2f2;\n}\n<\/style>\n<div class='flex_column av-av_one_third-2457c7134ef3a4288f7996dbffe0d40c av_one_third  avia-builder-el-6  el_after_av_two_third  el_before_av_hr  flex_column_div  av-animated-generic fade-in '   ><div  class='avia-builder-widget-area clearfix  avia-builder-el-7  avia-builder-el-no-sibling '><div id=\"text-6\" class=\"widget clearfix widget_text\">\t\t\t<div class=\"textwidget\"><h3>Tango in Barcellona -Documentario-<\/h3>\n<p><iframe src=\"https:\/\/www.youtube.com\/embed\/vfxR6HYkNwc\" frameborder=\"0\" allowfullscreen=\"\" data-mce-src=\"https:\/\/www.youtube.com\/embed\/vfxR6HYkNwc\"><\/iframe><\/p>\n<h3>CINEFILIA TANGUERA Sampling &amp; Open Submissions<\/h3>\n<p><iframe src=\"https:\/\/www.youtube.com\/embed\/66Tm5D9wobk\" frameborder=\"0\" allowfullscreen=\"\" data-mce-src=\"https:\/\/www.youtube.com\/embed\/66Tm5D9wobk\"><\/iframe><\/p>\n<h3>Lezioni di Tango \u2013 El Puntazo Estudio de Tango en Barcelona<\/h3>\n<p><iframe src=\"https:\/\/www.youtube.com\/embed\/PALCjwdEAxA\" frameborder=\"0\" allowfullscreen=\"\" data-mce-src=\"https:\/\/www.youtube.com\/embed\/PALCjwdEAxA\"><\/iframe><\/p>\n<\/div>\n\t\t<\/div><div id=\"text-7\" class=\"widget clearfix widget_text\"><h3 class=\"widgettitle\">VUOI IMPARARE TANGO A BARCELONA?<\/h3>\t\t\t<div class=\"textwidget\">\n<div class=\"wpcf7 no-js\" id=\"wpcf7-f3851-o1\" lang=\"es-ES\" dir=\"ltr\">\n<div class=\"screen-reader-response\"><p role=\"status\" aria-live=\"polite\" aria-atomic=\"true\"><\/p> <ul><\/ul><\/div>\n<form action=\"\/it\/wp-json\/wp\/v2\/pages\/3843#wpcf7-f3851-o1\" method=\"post\" class=\"wpcf7-form init\" aria-label=\"Formulario de contacto\" novalidate=\"novalidate\" data-status=\"init\">\n<div style=\"display: none;\">\n<input type=\"hidden\" name=\"_wpcf7\" value=\"3851\" \/>\n<input type=\"hidden\" name=\"_wpcf7_version\" value=\"5.9.8\" \/>\n<input type=\"hidden\" name=\"_wpcf7_locale\" value=\"es_ES\" \/>\n<input type=\"hidden\" name=\"_wpcf7_unit_tag\" value=\"wpcf7-f3851-o1\" \/>\n<input type=\"hidden\" name=\"_wpcf7_container_post\" value=\"0\" \/>\n<input type=\"hidden\" name=\"_wpcf7_posted_data_hash\" value=\"\" \/>\n<input type=\"hidden\" name=\"_wpcf7_recaptcha_response\" value=\"\" \/>\n<\/div>\n<p><label> Nome (richiesto)<br \/>\n<span class=\"wpcf7-form-control-wrap\" data-name=\"your-name\"><input size=\"40\" maxlength=\"400\" class=\"wpcf7-form-control wpcf7-text wpcf7-validates-as-required\" aria-required=\"true\" aria-invalid=\"false\" value=\"\" type=\"text\" name=\"your-name\" \/><\/span> <\/label>\n<\/p>\n<p><label> E Mail (richiesto)<br \/>\n<span class=\"wpcf7-form-control-wrap\" data-name=\"your-email\"><input size=\"40\" maxlength=\"400\" class=\"wpcf7-form-control wpcf7-email wpcf7-validates-as-required wpcf7-text wpcf7-validates-as-email\" aria-required=\"true\" aria-invalid=\"false\" value=\"\" type=\"email\" name=\"your-email\" \/><\/span> <\/label>\n<\/p>\n<p><label> Telefono (richiesto)<br \/>\n<span class=\"wpcf7-form-control-wrap\" data-name=\"tel-795\"><input size=\"40\" maxlength=\"400\" class=\"wpcf7-form-control wpcf7-tel wpcf7-validates-as-required wpcf7-text wpcf7-validates-as-tel\" aria-required=\"true\" aria-invalid=\"false\" value=\"\" type=\"tel\" name=\"tel-795\" \/><\/span> <\/label>\n<\/p>\n<p><label> Oggetto<br \/>\n<span class=\"wpcf7-form-control-wrap\" data-name=\"your-subject\"><input size=\"40\" maxlength=\"400\" class=\"wpcf7-form-control wpcf7-text\" aria-invalid=\"false\" value=\"\" type=\"text\" name=\"your-subject\" \/><\/span> <\/label>\n<\/p>\n<p><label> Messaggio<br \/>\n<span class=\"wpcf7-form-control-wrap\" data-name=\"your-message\"><textarea cols=\"40\" rows=\"10\" maxlength=\"2000\" class=\"wpcf7-form-control wpcf7-textarea\" aria-invalid=\"false\" name=\"your-message\"><\/textarea><\/span> <\/label>\n<\/p>\n<p><input class=\"wpcf7-form-control wpcf7-submit has-spinner\" type=\"submit\" value=\"Inviare\" \/>\n<\/p><p style=\"display: none !important;\" class=\"akismet-fields-container\" data-prefix=\"_wpcf7_ak_\"><label>&#916;<textarea name=\"_wpcf7_ak_hp_textarea\" cols=\"45\" rows=\"8\" maxlength=\"100\"><\/textarea><\/label><input type=\"hidden\" id=\"ak_js_1\" name=\"_wpcf7_ak_js\" value=\"139\"\/><script>document.getElementById( \"ak_js_1\" ).setAttribute( \"value\", ( new Date() ).getTime() );<\/script><\/p><div class=\"wpcf7-response-output\" aria-hidden=\"true\"><\/div>\n<\/form>\n<\/div>\n\n<p>(*) <a href=\"http:\/\/el-puntazo.com\/terminos-legales-y-politica-de-privacidad\/\" target=\"_blank\" rel=\"noopener\">Privacy Policy<\/a><\/p>\n<\/div>\n\t\t<\/div><div id=\"avia_google_maps-4\" class=\"widget clearfix avia_google_maps\"><h3 class=\"widgettitle\">El Puntazo Tango Studio &#8211; Tel. +34-657.010.124<\/h3><div class=\"av_gmaps_widget_main_wrap av_gmaps_main_wrap\"><div id='av_gmap_0' class='avia-google-map-container avia-google-map-widget av_gmaps_show_unconditionally av-no-fallback-img' data-mapid='av_gmap_0' ><\/div><\/div><\/div><\/div><\/div><div  class='hr av-av_hr-e172c3802cc56eb5d345b11b6f0d17b9 hr-full  avia-builder-el-8  el_after_av_one_third  el_before_av_textblock  hr-shadow'><span class='hr-inner '><span class=\"hr-inner-style\"><\/span><\/span><\/div><\/p>\n\n<style type=\"text\/css\" data-created_by=\"avia_inline_auto\" id=\"style-css-av-av_textblock-95bed5ec9a067e36747f807e99517494\">\n#top .av_textblock_section.av-av_textblock-95bed5ec9a067e36747f807e99517494 .avia_textblock{\nfont-size:10px;\n}\n<\/style>\n<section  class='av_textblock_section av-av_textblock-95bed5ec9a067e36747f807e99517494'  itemscope=\"itemscope\" itemtype=\"https:\/\/schema.org\/CreativeWork\" ><div class='avia_textblock'  itemprop=\"text\" ><p style=\"text-align: justify;\"><strong>(*) Francesca Vaccari<\/strong>\u00a0te informa que los datos de car\u00e1cter personal que nos proporciones rellenando el presente formulario ser\u00e1n tratados por\u00a0<strong>El Puntazo Estudio de Tengo<\/strong>\u00a0como responsable de esta web. Finalidad de la recogida y tratamiento de los datos personales: gestionar el alta a esta suscripci\u00f3n y remitir boletines peri\u00f3dicos con informaci\u00f3n y oferta prospectiva de productos o servicios propios y de terceros afiliados. Podr\u00e1s ejercer tus derechos de acceso, rectificaci\u00f3n, limitaci\u00f3n y suprimir los datos en info@el-puntazo.com as\u00ed como el derecho a presentar una reclamaci\u00f3n ante una autoridad de control. Puedes consultar nuestra\u00a0<a href=\"https:\/\/el-puntazo.com\/terminos-legales-y-politica-de-privacidad\/\">pol\u00edtica de privacidad<\/a>.<\/p>\n<\/div><\/section>\n<\/div><\/div><\/div><!-- close content main div --><\/div><\/div>\n<style type=\"text\/css\" data-created_by=\"avia_inline_auto\" id=\"style-css-av-av_section-5730c575a35565a9f4b31427dd7d1e8e\">\n.avia-section.av-av_section-5730c575a35565a9f4b31427dd7d1e8e{\nbackground-repeat:no-repeat;\nbackground-image:url(https:\/\/el-puntazo.com\/wp-content\/uploads\/2018\/08\/barcelona-tango-BN_C-1.jpg);\nbackground-position:50% 50%;\nbackground-attachment:fixed;\n}\n<\/style>\n<div id='av_section_3'  class='avia-section av-av_section-5730c575a35565a9f4b31427dd7d1e8e main_color avia-section-no-padding avia-no-shadow  avia-builder-el-10  el_after_av_textblock  avia-builder-el-last  avia-full-stretch avia-bg-style-fixed container_wrap fullsize'  data-section-bg-repeat='stretch'><div class='container av-section-cont-open' ><div class='template-page content  av-content-full alpha units'><div class='post-entry post-entry-type-page post-entry-3843'><div class='entry-content-wrapper clearfix'>\n\n<style type=\"text\/css\" data-created_by=\"avia_inline_auto\" id=\"style-css-av-av_hr-373523e22f0366b13a549278f1ad345e\">\n#top .hr.hr-invisible.av-av_hr-373523e22f0366b13a549278f1ad345e{\nheight:10px;\n}\n<\/style>\n<div  class='hr av-av_hr-373523e22f0366b13a549278f1ad345e hr-invisible  avia-builder-el-11  avia-builder-el-no-sibling '><span class='hr-inner '><span class=\"hr-inner-style\"><\/span><\/span><\/div>\n\n","protected":false},"excerpt":{"rendered":"","protected":false},"author":9,"featured_media":0,"parent":0,"menu_order":0,"comment_status":"closed","ping_status":"closed","template":"","meta":{"footnotes":""},"_links":{"self":[{"href":"https:\/\/el-puntazo.com\/it\/wp-json\/wp\/v2\/pages\/3843"}],"collection":[{"href":"https:\/\/el-puntazo.com\/it\/wp-json\/wp\/v2\/pages"}],"about":[{"href":"https:\/\/el-puntazo.com\/it\/wp-json\/wp\/v2\/types\/page"}],"author":[{"embeddable":true,"href":"https:\/\/el-puntazo.com\/it\/wp-json\/wp\/v2\/users\/9"}],"replies":[{"embeddable":true,"href":"https:\/\/el-puntazo.com\/it\/wp-json\/wp\/v2\/comments?post=3843"}],"version-history":[{"count":5,"href":"https:\/\/el-puntazo.com\/it\/wp-json\/wp\/v2\/pages\/3843\/revisions"}],"predecessor-version":[{"id":3852,"href":"https:\/\/el-puntazo.com\/it\/wp-json\/wp\/v2\/pages\/3843\/revisions\/3852"}],"wp:attachment":[{"href":"https:\/\/el-puntazo.com\/it\/wp-json\/wp\/v2\/media?parent=3843"}],"curies":[{"name":"wp","href":"https:\/\/api.w.org\/{rel}","templated":true}]}}