{"id":7538,"date":"2020-05-09T22:13:53","date_gmt":"2020-05-09T22:13:53","guid":{"rendered":"https:\/\/el-puntazo.com\/prenota-la-tua-lezione-online\/"},"modified":"2024-12-20T18:18:47","modified_gmt":"2024-12-20T18:18:47","slug":"prenota-la-tua-lezione-online","status":"publish","type":"page","link":"https:\/\/el-puntazo.com\/it\/prenota-la-tua-lezione-online\/","title":{"rendered":"Prenota la tua lezione online"},"content":{"rendered":"\n<style type=\"text\/css\" data-created_by=\"avia_inline_auto\" id=\"style-css-av-5bbc2d-3b404b0cf1cb3ec038f6efc62155129c\">\n.flex_column.av-5bbc2d-3b404b0cf1cb3ec038f6efc62155129c{\nborder-radius:0px 0px 0px 0px;\n-webkit-border-radius:0px 0px 0px 0px;\n-moz-border-radius:0px 0px 0px 0px;\n}\n<\/style>\n<div class='flex_column av-5bbc2d-3b404b0cf1cb3ec038f6efc62155129c av_one_full  avia-builder-el-0  avia-builder-el-no-sibling  first flex_column_div av-zero-column-padding '   ><section  class='av_textblock_section av-ka05j4fy-c2bb24cde8d05cb50066b54b970c6ad6'  itemscope=\"itemscope\" itemtype=\"https:\/\/schema.org\/CreativeWork\" ><div class='av-desktop-hide av-medium-hide av-small-hide av-mini-hide avia_textblock'  itemprop=\"text\" ><p style=\"text-align: center;\">Se sei gi\u00e0 uno studente, prenota qui il tuo posto ogni settimana. In questo modo sar\u00f2 in grado di preparare le lezioni nel modo pi\u00f9 personalizzato possibile, tenendo conto dell&#8217;elenco dei partecipanti.<\/p>\n<\/div><\/section><br \/>\n<div  class='avia-buttonrow-wrap av-ka062jrw-e52ecfe149348f3377c70d6e12f6ff8d avia-buttonrow-center  avia-builder-el-2  el_after_av_textblock  el_before_av_textblock  av-desktop-hide av-medium-hide av-small-hide av-mini-hide'>\n\n<style type=\"text\/css\" data-created_by=\"avia_inline_auto\" id=\"style-css-av-4acqtx-af8e7f78f72139acb8d259c1b3ff819b\">\n#top #wrap_all .avia-button.av-4acqtx-af8e7f78f72139acb8d259c1b3ff819b{\nmargin-bottom:5px;\nmargin-right:3px;\nmargin-left:3px;\n}\n<\/style>\n<a href='https:\/\/el-puntazo.com\/it\/iscrizione-alla-prima-lezione\/'  class='avia-button av-4acqtx-af8e7f78f72139acb8d259c1b3ff819b avia-icon_select-no avia-size-x-large avia-color-theme-color'  target=\"_blank\"  rel=\"noopener noreferrer\" ><span class='avia_iconbox_title' >PRENOTA LEZIONE (sono studente)<\/span><\/a>\n<\/div><br \/>\n<section  class='av_textblock_section av-ka05j4fy-20fb93e61510f365711a565acb91128d'  itemscope=\"itemscope\" itemtype=\"https:\/\/schema.org\/CreativeWork\" ><div class='avia_textblock'  itemprop=\"text\" ><p style=\"text-align: center;\">Se sei nuovo\/nuova, mi hai gi\u00e0 contattato per informazioni e sei pronto\/pronta per iniziare a studiare con me, iscriviti qui:<\/p>\n<\/div><\/section><br \/>\n<div  class='avia-button-wrap avia-button-center  avia-builder-el-4  el_after_av_textblock  avia-builder-el-last ' ><a href='https:\/\/el-puntazo.com\/it\/inscription-a-la-primera-clase\/'  class='avia-button av-ka07acsp-9f68dc3e2ecc0ce665eadb5449ad669d avia-icon_select-no avia-size-x-large avia-position-center avia-color-theme-color'  target=\"_blank\"  rel=\"noopener noreferrer\"><span class='avia_iconbox_title' >VOGLIO INIZIARE (sono nuovo\/nuova)<\/span><\/a><\/div><\/p><\/div>\n","protected":false},"excerpt":{"rendered":"","protected":false},"author":9,"featured_media":0,"parent":0,"menu_order":0,"comment_status":"closed","ping_status":"closed","template":"","meta":{"footnotes":""},"_links":{"self":[{"href":"https:\/\/el-puntazo.com\/it\/wp-json\/wp\/v2\/pages\/7538"}],"collection":[{"href":"https:\/\/el-puntazo.com\/it\/wp-json\/wp\/v2\/pages"}],"about":[{"href":"https:\/\/el-puntazo.com\/it\/wp-json\/wp\/v2\/types\/page"}],"author":[{"embeddable":true,"href":"https:\/\/el-puntazo.com\/it\/wp-json\/wp\/v2\/users\/9"}],"replies":[{"embeddable":true,"href":"https:\/\/el-puntazo.com\/it\/wp-json\/wp\/v2\/comments?post=7538"}],"version-history":[{"count":9,"href":"https:\/\/el-puntazo.com\/it\/wp-json\/wp\/v2\/pages\/7538\/revisions"}],"predecessor-version":[{"id":9887,"href":"https:\/\/el-puntazo.com\/it\/wp-json\/wp\/v2\/pages\/7538\/revisions\/9887"}],"wp:attachment":[{"href":"https:\/\/el-puntazo.com\/it\/wp-json\/wp\/v2\/media?parent=7538"}],"curies":[{"name":"wp","href":"https:\/\/api.w.org\/{rel}","templated":true}]}}