{"id":7936,"date":"2023-07-05T13:53:41","date_gmt":"2023-07-05T13:53:41","guid":{"rendered":"https:\/\/el-puntazo.com\/tutto-cio-che-devi-sapere-per-iniziare-le-tue-lezioni-di-tango-argentino\/"},"modified":"2026-01-14T23:02:29","modified_gmt":"2026-01-14T23:02:29","slug":"tutto-cio-che-devi-sapere-per-iniziare-le-tue-lezioni-di-tango-argentino","status":"publish","type":"page","link":"https:\/\/el-puntazo.com\/it\/tutto-cio-che-devi-sapere-per-iniziare-le-tue-lezioni-di-tango-argentino\/","title":{"rendered":"Tutto ci\u00f2 che devi sapere per iniziare le tue lezioni di Tango Argentino"},"content":{"rendered":"<div class=\"page\" title=\"Pagina 1\">\n<div class=\"section\">\n<div class=\"layoutArea\">\n<div class=\"column\">\n<h1><img loading=\"lazy\" decoding=\"async\" class=\"size-full wp-image-7550 aligncenter\" src=\"http:\/\/el-puntazo.com\/wp-content\/uploads\/2023\/07\/Captura-de-pantalla-2023-07-05-a-las-15.10.23.png\" alt=\"\" width=\"629\" height=\"353\" srcset=\"https:\/\/el-puntazo.com\/wp-content\/uploads\/2023\/07\/Captura-de-pantalla-2023-07-05-a-las-15.10.23.png 629w, https:\/\/el-puntazo.com\/wp-content\/uploads\/2023\/07\/Captura-de-pantalla-2023-07-05-a-las-15.10.23-300x168.png 300w\" sizes=\"(max-width: 629px) 100vw, 629px\" \/><\/h1>\n<h1 style=\"text-align: center;\">Che bello che tu sia qui!<\/h1>\n<p>&nbsp;<\/p>\n<p style=\"text-align: center;\">Sono Francesca Vaccari e sono molto felice di darti il benvenuto in questo spazio.<\/p>\n<p style=\"text-align: center;\">Se vuoi conoscere tutte le informazioni sulle lezioni presso <strong>El Puntazo Estudio de Tango<\/strong>, ti invito a continuare a leggere!<\/p>\n<p>&nbsp;<\/p>\n<div class=\"page\" title=\"Pagina 1\">\n<div class=\"section\">\n<div class=\"layoutArea\">\n<div class=\"column\">\n<h2 style=\"text-align: center;\"><strong>Lezioni di gruppo<\/strong><\/h2>\n<p><img loading=\"lazy\" decoding=\"async\" class=\"size-full wp-image-7554 alignright\" src=\"http:\/\/el-puntazo.com\/wp-content\/uploads\/2023\/07\/Captura-de-pantalla-2023-07-05-a-las-15.17.08.png\" alt=\"\" width=\"302\" height=\"273\" srcset=\"https:\/\/el-puntazo.com\/wp-content\/uploads\/2023\/07\/Captura-de-pantalla-2023-07-05-a-las-15.17.08.png 302w, https:\/\/el-puntazo.com\/wp-content\/uploads\/2023\/07\/Captura-de-pantalla-2023-07-05-a-las-15.17.08-300x271.png 300w\" sizes=\"(max-width: 302px) 100vw, 302px\" \/><\/p>\n<p>&nbsp;<\/p>\n<p>Ti aiutiamo a scegliere <strong>il livello<\/strong> che meglio si adatta alle tue esigenze:<\/p>\n<p><strong>Livello principiante<\/strong> &#8211;&gt; da 0 a 6 mesi di pratica<\/p>\n<p><strong>Livello principiante 2<\/strong> &#8211;&gt; almeno 6 mesi di pratica, preferibilmente con me<\/p>\n<p><strong>Livelli intermedi e avanzati<\/strong> &#8211;&gt; da un anno di esperienza a semi-professionisti<\/p>\n<p><strong>Lezioni di tecnica<\/strong> &#8211;&gt; Lavoro individuale per leader e seguace di tutti i livelli per migliorare la qualit\u00e0 della danza<\/p>\n<p>&nbsp;<\/p>\n<\/div>\n<\/div>\n<\/div>\n<\/div>\n<div class=\"page\" title=\"Pagina 2\">\n<div class=\"section\">\n<div class=\"layoutArea\">\n<div class=\"column\">\n<h2 style=\"text-align: center;\">Costi delle lezioni collettive<\/h2>\n<p>&nbsp;<\/p>\n<h4>Scegli il modo pi\u00f9 comodo per te:<\/h4>\n<ul>\n<li>Lezione singola<\/li>\n<li>Abbonamento mensile (mese calendario)<\/li>\n<li>Abbonamento trimestrale (mese in corso + due mesi successivi)<img loading=\"lazy\" decoding=\"async\" class=\"alignnone wp-image-10578 size-full\" src=\"https:\/\/el-puntazo.com\/wp-content\/uploads\/2026\/01\/Prezzi-Lezioni-Gruppi-Tango-2026.png\" alt=\"\" width=\"1140\" height=\"736\" srcset=\"https:\/\/el-puntazo.com\/wp-content\/uploads\/2026\/01\/Prezzi-Lezioni-Gruppi-Tango-2026.png 1140w, https:\/\/el-puntazo.com\/wp-content\/uploads\/2026\/01\/Prezzi-Lezioni-Gruppi-Tango-2026-300x194.png 300w, https:\/\/el-puntazo.com\/wp-content\/uploads\/2026\/01\/Prezzi-Lezioni-Gruppi-Tango-2026-1030x665.png 1030w, https:\/\/el-puntazo.com\/wp-content\/uploads\/2026\/01\/Prezzi-Lezioni-Gruppi-Tango-2026-768x496.png 768w, https:\/\/el-puntazo.com\/wp-content\/uploads\/2026\/01\/Prezzi-Lezioni-Gruppi-Tango-2026-705x455.png 705w\" sizes=\"(max-width: 1140px) 100vw, 1140px\" \/><\/li>\n<\/ul>\n<p><b>*Abbonamento<\/b>\u00a0<b><i>FLEXI<\/i><\/b><b><i>:<\/i><\/b><b>\u00a0<\/b><\/p>\n<ul>\n<li><b><i>Pacchetto di lezioni <\/i><\/b><i><span style=\"font-weight: 400;\">da utilizzare entro un mese solare, con orari liberi e flessibili<\/span><\/i><\/li>\n<\/ul>\n<p><i><span style=\"font-weight: 400;\">**<b>Abbonamento <\/b><b>TANGO PASSIONATE &#8211; tariffa flat<\/b> <\/span><\/i><i><\/i><\/p>\n<p><i><span style=\"font-weight: 400;\">Include:<\/span><\/i><\/p>\n<ul>\n<li><b><i>Accesso illimitato a tutte le lezioni regolari del mese <\/i><\/b><i><span style=\"font-weight: 400;\">(tariffa soggetta a un quorum minimo di partecipanti per ciascuna lezione \u2013 tra 12 e 32 check-in disponibili nel mese in corso)<\/span><\/i><\/li>\n<li><b><i>1 lezione privata <\/i><\/b><i><span style=\"font-weight: 400;\">da svolgere nello stesso mese di validit\u00e0 dell\u2019abbonamento <\/span><\/i><\/li>\n<li><b><i>1 lezione di gruppo gratuita da regalare <\/i><\/b><i><span style=\"font-weight: 400;\">a chi vuoi durante il mese in corso<\/span><\/i><\/li>\n<\/ul>\n<\/div>\n<div class=\"page\" title=\"Pagina 3\">\n<div class=\"section\">\n<h2 style=\"text-align: center;\">Orari<br \/>\n<img loading=\"lazy\" decoding=\"async\" class=\"size-full wp-image-7562 alignright\" src=\"http:\/\/el-puntazo.com\/wp-content\/uploads\/2023\/07\/Captura-de-pantalla-2023-07-05-a-las-15.21.05.png\" alt=\"\" width=\"265\" height=\"251\" \/><\/h2>\n<h3>Vuoi sapere quando? Prendi il tuo calendario!<\/h3>\n<p>&nbsp;<\/p>\n<p style=\"text-align: center;\">Clicca qui per vedere gli \u00a0<a href=\"http:\/\/el-puntazo.com\/clases-de-tango-barcelona-3\/#horarios\"><strong>ORARI DI QUESTO MESE<\/strong><\/a><\/p>\n<\/div>\n<\/div>\n<\/div>\n<div class=\"layoutArea\">\n<div class=\"column\">\n<p>&nbsp;<\/p>\n<p style=\"text-align: center;\">Pront@ per cominciare? Clicca qui di seguito per registrarti<\/p>\n<p style=\"text-align: center;\"><strong><a href=\"https:\/\/el-puntazo.com\/it\/iscrizione-alla-prima-lezione\/\">MI ISCRIVO!<\/a><\/strong><\/p>\n<\/div>\n<\/div>\n<\/div>\n<\/div>\n<div class=\"page\" title=\"Pagina 3\">\n<div class=\"section\">\n<h1><\/h1>\n<h2 style=\"text-align: center;\"><strong>Domande frequenti<\/strong><\/h2>\n<p><strong>Ho bisogno di un partner per partecipare alle lezioni di tango?<\/strong><\/p>\n<p>Non \u00e8 obbligatorio venire in coppia, ballerai con i tuoi compagni di classe!<\/p>\n<p><strong>Posso provare una lezione?<\/strong><\/p>\n<p>Si\u0301! Fai una singola lezione per provare e se ti iscrivi nello stesso mese, sar\u00e0 dedotto dal pacchetto che scegli!<\/p>\n<p><strong>Se un giorno non posso partecipare alla lezione&#8230; ?<\/strong><\/p>\n<p>Non preoccuparti! S\u00ec, \u00e8 possibile recuperare le lezioni perse.<br \/>\n&#8211; nello stesso mese (o trimestre se hai un abbonamento trimestrale)<\/p>\n<p>&#8211; con lo stesso insegnante, nel caso in cui abbiamo insegnanti ospiti &#8211; e a un livello uguale o inferiore al tuo.<\/p>\n<p><strong>Come posso pagare? <\/strong><\/p>\n<p>Puoi pagare la tua lezione singola con Bizum, PayPal, Revolut o bonifico bancario. Mensile o trimestrale con Bizum, Paypal, Revolut, bonifico bancario o in contanti.<\/p>\n<p><strong>Come posso iscrivermi?<\/strong><\/p>\n<p>Per partecipare a una lezione, \u00e8 necessario prenotare il tuo posto. Consulta la nostra \u00e9quipe sulle modalit\u00e1 di prenotazione.<\/p>\n<p><strong>Posso filmare la lezione?<\/strong><\/p>\n<p>Non \u00e8 consentito filmare durante le lezioni, ma \u00e8 possibile richiedere un riassunto al termine della lezione.<span style=\"color: #ffffff;\">L<\/span><\/p>\n<h2 style=\"text-align: center;\">Lezioni private e semi-private<\/h2>\n<h4 style=\"text-align: left;\">Cercate un&#8217;opzione pi\u00f9 personalizzata?<\/h4>\n<p style=\"text-align: left;\"><strong>Siete nel posto giusto!<\/strong><\/p>\n<p>&#8211; Perfezionare la tecnica e la musicalit\u00e0<br \/>\n&#8211; Risolve i dubbi e corregge le abitudini<br \/>\n&#8211; Rivedere quanto appreso nelle sessioni di gruppo<br \/>\n&#8211; Preparate il vostro ballo di nozze!<\/p>\n<p><span style=\"font-weight: 400;\"><strong> 2&#215;1 su lezioni private<\/strong> (portate il vostro partner senza costi aggiuntivi)<\/span><\/p>\n<\/div>\n<\/div>\n<\/div>\n<ul>\n<li>1 lezione (60&#8242;) 110 euros<\/li>\n<li>5 lezioni\u00a0 450 euros<\/li>\n<li>10 lezioni 840 euros<\/li>\n<\/ul>\n<p><em><strong>Semiprivate<\/strong><\/em><\/p>\n<ul>\n<li>30 euro per persona<\/li>\n<\/ul>\n<p><em>*minimo 4 persone<\/em><\/p>\n<p data-start=\"1338\" data-end=\"1394\"><strong data-start=\"1338\" data-end=\"1394\">Pacchetto Nuziale: \u201cFOREVER TANGO LOVERS Experience\u201d<\/strong><\/p>\n<p data-start=\"1396\" data-end=\"1586\">Un\u2019esperienza pre-matrimoniale pensata per creare un legame indissolubile attraverso il Tango e brillare il giorno del matrimonio con una danza sensazionale che lascer\u00e0 tutti a bocca aperta.<\/p>\n<p data-start=\"1588\" data-end=\"1623\">Questa avventura in coppia include:<\/p>\n<ul data-start=\"1625\" data-end=\"1894\">\n<li data-start=\"1625\" data-end=\"1712\">\n<p data-start=\"1627\" data-end=\"1712\">Creazione coreografica su misura sulla musica scelta \u2014&gt; <strong>valore 700 \u20ac + IVA GRATIS<\/strong><\/p>\n<\/li>\n<li data-start=\"1714\" data-end=\"1822\">\n<p data-start=\"1716\" data-end=\"1822\">10 sessioni di coaching e allenamento per costruire insieme la coreografia e renderla davvero spettacolare<\/p>\n<\/li>\n<li data-start=\"1824\" data-end=\"1894\">\n<p data-start=\"1826\" data-end=\"1894\">1 lezione di gruppo livello principiante per la coppia \u2014&gt; <strong data-start=\"1884\" data-end=\"1894\">GRATIS<\/strong><\/p>\n<\/li>\n<\/ul>\n<p data-start=\"1896\" data-end=\"1923\"><strong data-start=\"1896\" data-end=\"1923\">Totale: 420 \u20ac \/ persona<\/strong><\/p>\n<div class=\"column\">\n<div class=\"page\" title=\"Pagina 3\">\n<div class=\"section\">\n<p>&nbsp;<\/p>\n<\/div>\n<\/div>\n<\/div>\n<\/div>\n<\/div>\n<\/div>\n<p><a href=\"https:\/\/el-puntazo.com\/algunos-consejos-antes-de-empezar\/\">Alcuni consigli aggiuntivi su calzature, abbigliamento e igiene personale prima del viaggio.<\/a><br \/>\nprima classe&#8230;<\/p>\n<p><strong>Ci auguriamo che si unisca presto a El Puntazo Estudio de Tango.<\/strong><br \/>\n<strong>Vi aspettiamo!<\/strong><\/p>\n<p>&nbsp;<\/p>\n<p style=\"text-align: center;\"><a href=\"https:\/\/el-puntazo.com\/it\/funzionamientodeicorsi\/\">Altre domande? Clicca qui<\/a><\/p>\n<p style=\"text-align: center;\"><a href=\"https:\/\/el-puntazo.com\/it\/iscrizione-alla-prima-lezione\/\">Voglio iscrivermi!<\/a><\/p>\n<p>&nbsp;<\/p>\n<p><strong>EL PUNTAZO ESTUDIO DE TANGO<\/strong><br \/>\nC\/Casanova, 3 esc. izq. entlo. 9<br \/>\n08011 Barcellona<\/p>\n<div class=\"page\" title=\"Pagina 1\">\n<div class=\"section\">\n<div class=\"layoutArea\">\n<div class=\"column\">\n<div class=\"page\" title=\"Pagina 3\">\n<div class=\"section\">\n<p>&nbsp;<\/p>\n<\/div>\n<\/div>\n<\/div>\n<\/div>\n<\/div>\n<\/div>\n","protected":false},"excerpt":{"rendered":"<p>Che bello che tu sia qui! &nbsp; Sono Francesca Vaccari e sono molto felice di darti il benvenuto in questo spazio. Se vuoi conoscere tutte le informazioni sulle lezioni presso El Puntazo Estudio de Tango, ti invito a continuare a leggere! &nbsp; Lezioni di gruppo &nbsp; Ti aiutiamo a scegliere il livello che meglio si [&hellip;]<\/p>\n","protected":false},"author":9,"featured_media":0,"parent":0,"menu_order":0,"comment_status":"closed","ping_status":"closed","template":"","meta":{"footnotes":""},"_links":{"self":[{"href":"https:\/\/el-puntazo.com\/it\/wp-json\/wp\/v2\/pages\/7936"}],"collection":[{"href":"https:\/\/el-puntazo.com\/it\/wp-json\/wp\/v2\/pages"}],"about":[{"href":"https:\/\/el-puntazo.com\/it\/wp-json\/wp\/v2\/types\/page"}],"author":[{"embeddable":true,"href":"https:\/\/el-puntazo.com\/it\/wp-json\/wp\/v2\/users\/9"}],"replies":[{"embeddable":true,"href":"https:\/\/el-puntazo.com\/it\/wp-json\/wp\/v2\/comments?post=7936"}],"version-history":[{"count":22,"href":"https:\/\/el-puntazo.com\/it\/wp-json\/wp\/v2\/pages\/7936\/revisions"}],"predecessor-version":[{"id":10682,"href":"https:\/\/el-puntazo.com\/it\/wp-json\/wp\/v2\/pages\/7936\/revisions\/10682"}],"wp:attachment":[{"href":"https:\/\/el-puntazo.com\/it\/wp-json\/wp\/v2\/media?parent=7936"}],"curies":[{"name":"wp","href":"https:\/\/api.w.org\/{rel}","templated":true}]}}