{"id":9390,"date":"2021-08-20T15:04:56","date_gmt":"2021-08-20T15:04:56","guid":{"rendered":"https:\/\/el-puntazo.com\/?page_id=9390"},"modified":"2026-01-14T23:02:35","modified_gmt":"2026-01-14T23:02:35","slug":"funzionamientodeicorsi","status":"publish","type":"page","link":"https:\/\/el-puntazo.com\/it\/funzionamientodeicorsi\/","title":{"rendered":"Funzionamento dei Corsi Collettivi Anno Scolastico 2025-2026"},"content":{"rendered":"<section  class='av_textblock_section av-m0s2loxa-605b76b95587e4db119b338694f8c8b7'  itemscope=\"itemscope\" itemtype=\"https:\/\/schema.org\/CreativeWork\" ><div class='avia_textblock'  itemprop=\"text\" ><div class=\"flex-shrink-0 flex flex-col relative items-end\">\n<div>\n<div class=\"pt-0\">\n<div class=\"gizmo-bot-avatar flex h-8 w-8 items-center justify-center overflow-hidden rounded-full\">\n<div class=\"relative p-1 rounded-sm flex items-center justify-center bg-token-main-surface-primary text-token-text-primary h-8 w-8\"><strong>Benvenuto a El Puntazo Estudio de Tango!<\/strong><\/div>\n<\/div>\n<\/div>\n<\/div>\n<\/div>\n<div class=\"group\/conversation-turn relative flex w-full min-w-0 flex-col agent-turn\">\n<div class=\"flex-col gap-1 md:gap-3\">\n<div class=\"flex max-w-full flex-col flex-grow\">\n<div class=\"text-message flex w-full flex-col items-end gap-2 whitespace-normal break-words [.text-message+&amp;]:mt-5\" dir=\"auto\" data-message-author-role=\"assistant\" data-message-id=\"ac14a608-afaf-482a-be25-852feb7aa81f\">\n<div class=\"flex w-full flex-col gap-1 empty:hidden first:pt-[3px]\">\n<div class=\"markdown prose w-full break-words dark:prose-invert light\">\n<p>Di seguito troverai una guida sul funzionamento delle lezioni di gruppo per l&#8217;anno scolastico 2025-2026. Leggila attentamente&#8230; e inizia a ballare!<\/p>\n<p><strong>COPPIE<\/strong><\/p>\n<p>In generale, non \u00e8 necessario partecipare in coppia; tuttavia, se non hai un partner, conferma sempre con la nostra coordinatrice o con il nostro team che ci siano posti disponibili per il tuo ruolo (leader o follower). \u2026e se ti iscrivi in coppia, ancora meglio!<\/p>\n<p><strong>LEZIONE DI PROVA<\/strong><\/p>\n<p>Se non sei ancora sicuro\/a di voler iscriverti per tutto il mese, se desideri conoscere il mio metodo di insegnamento, o semplicemente vedere se il Tango ti affascina prima di iscriverti, puoi prendere una lezione singola, il cui costo, come vedrai pi\u00f9 sotto, \u00e8 di 20 euro.<\/p>\n<p>Se dopo aver pagato la lezione di prova decidi di iscriverti per il mese completo, ti verranno scalati i 20 euro e dovrai solo pagare la differenza (vedi la sezione &#8220;<a href=\"https:\/\/el-puntazo.com\/it\/tutto-cio-che-devi-sapere-per-iniziare-le-tue-lezioni-di-tango-argentino\/\">COSTI<\/a>&#8220;).<\/p>\n<p>Se fai la tua lezione di prova verso la fine del mese, potrebbe essere pi\u00f9 vantaggioso continuare a pagare per lezioni singole fino all&#8217;inizio del mese successivo. In caso di dubbio, consulta il nostro team per pianificare il tuo abbonamento mensile nella maniera pi\u00f9 conveniente per te.<\/p>\n<p><strong>LIVELLI<\/strong><\/p>\n<p>Le lezioni di gruppo sono suddivise per livelli per facilitare l&#8217;apprendimento individuale e di gruppo. Consulta il livello pi\u00f9 adatto per te per sfruttare al meglio le lezioni. A volte, e specialmente se non hai mai preso lezioni con me, iniziare dai corsi per principianti, anche se balli da tempo, pu\u00f2 essere un&#8217;ottima maniera per costruire una base solida e avanzare pi\u00f9 rapidamente. Valuteremo insieme la tua situazione individuale e ti consiglier\u00f2 la migliore opzione per sviluppare al massimo il tuo potenziale. In ogni caso, ti assicuro che non ti annoierai<\/p>\n<div><\/div>\n<p><strong>ORARI, ASSENZA E RECUPERO DELLE LEZIONI<\/strong><\/p>\n<p>L&#8217;orario delle lezioni di gruppo con me \u00e8 libero e flessibile secondo le tue preferenze.<\/p>\n<p>Nel caso non potessi partecipare, ti chiedo di informarci il prima possibile* (vedi RISERVA E POLITICA DI CANCELLAMENTO) per non lasciare nessuno senza partner.<\/p>\n<p>Potrai recuperare la lezione persa quando vuoi, in un altro gruppo di livello uguale o inferiore, durante tutto il mese. Contattaci per trovare la migliore opzione e non perdere nessuna lezione.<\/p>\n<p>In ogni caso, e indipendentemente dal motivo dell&#8217;assenza, le lezioni perse si recuperano solo durante il mese in corso.<\/p>\n<p>Ricorda che la costanza e l&#8217;impegno con te stesso e con il gruppo sono il miglior modo per avanzare rapidamente!<\/p>\n<p>Se non trovi l&#8217;orario che si adatta perfettamente alle tue esigenze, contatta il nostro team per valutare la possibilit\u00e0 di aprire un nuovo gruppo in un orario pi\u00f9 conveniente per te.<\/p>\n<p>Se sai gi\u00e0 in anticipo che i tuoi orari fluttuano e non puoi essere regolare, non preoccuparti, parlami del tuo caso particolare e lo risolviamo facilmente insieme!<\/p>\n<p><strong>FILMARE LE LEZIONI<\/strong><\/p>\n<p>Non \u00e8 consentito filmare durante le lezioni, ma \u00e8 possibile richiedere un riassunto al termine della lezione.<\/p>\n<p><strong>RISERVA DEL POSTO E POLITICA DI CANCELLAZIONE<\/strong><\/p>\n<p>Per garantirti il posto per tutto il mese, ti consiglio di scegliere un abbonamento mensile o trimestrale e di riservare all&#8217;inizio del mese. Contatta il team di El Puntazo per formalizzare la tua prenotazione.<\/p>\n<p>Tuttavia, puoi sempre scegliere, come al solito, il formato &#8220;lezione singola&#8221; (vedi la sezione PACKS), ma in questo caso la tua prenotazione \u00e8 valida solo per quel giorno specifico. Se questa \u00e8 la tua scelta, ricorda di consultare la disponibilit\u00e0 dei posti settimanalmente e di formalizzare la tua prenotazione giornaliera effettuando un Bizum con l&#8217;importo della lezione prima delle 14:00.<\/p>\n<p>Se sei nuovo\/a, per riservare il tuo posto dovrai compilare il modulo che hai ricevuto contattandoci e poi pagare l&#8217;importo della tua lezione di prova. Se poi decidi di iscriverti per il mese completo, ti verr\u00e0 scalato dal totale.<\/p>\n<p><strong>Politica di cancellazione:<\/strong> Se hai gi\u00e0 confermato il tuo posto, puoi cancellare la tua prenotazione fino alle 14:00 dello stesso giorno della tua lezione. Se cancelli dopo quell&#8217;orario o se non ti presenti, verr\u00e0 considerato come &#8220;no show&#8221; e non potrai recuperare la lezione.<\/p>\n<p><strong>ABBIGLIAMENTO, CALZATURE E IGIENE<\/strong><\/p>\n<p>Per le lezioni non \u00e8 necessario un abbigliamento specifico; l&#8217;importante \u00e8 che tu ti senta comodo\/a e possa muoverti liberamente.<\/p>\n<p>Per quanto riguarda le calzature, se hai scarpe da tango o da ballo latino o da sala, portale con te. Se non le hai, non preoccuparti. Per iniziare puoi usare scarpe con suola in cuoio o in camoscio e con un po&#8217; di tacco per le donne. Le scarpe da ginnastica o le scarpe con suola in gomma, cos\u00ec come gli stivali e i tronchetti, non sono raccomandabili, poich\u00e9 non permettono di scivolare correttamente, ma se hai solo calzature in gomma, all&#8217;inizio non ci saranno problemi. In seguito, ti consiglier\u00f2 dove acquistare scarpe adeguate o ti proporr\u00f2 scarpe di seconda mano se lo desideri.<\/p>\n<p>Per la lezione utilizza scarpe pulite che non abbiano toccato la strada o che tu abbia disinfettato prima di arrivare; dovrai toglierti le scarpe e cambiarle prima di entrare in sala.<\/p>\n<p>All&#8217;ingresso troverai gel igienizzante o potrai lavarti le mani con sapone naturale nel bagno.<\/p>\n<p>Ricorda che il Tango \u00e8 un ballo di coppia e siamo in stretto contatto con il\/la partner. Un&#8217;igiene impeccabile \u00e8 fondamentale per far s\u00ec che tutti noi possiamo godere della lezione. Se non vieni direttamente da casa, non \u00e8 una cattiva idea portare con te deodorante, talco per i piedi e collutorio o gomme da masticare. Il tuo partner ti ringrazier\u00e0!<\/p>\n<p><strong>FORMULE DI PAGAMENTO<\/strong><\/p>\n<p>In base alle tue esigenze e preferenze, puoi scegliere tra due formule di pagamento diverse:<\/p>\n<ol>\n<li><strong>Lezione singola<\/strong><\/li>\n<\/ol>\n<p>Si paga lezione per lezione e serve anche come lezione di prova. Ti consiglio questa opzione se non puoi essere costante con le tue lezioni. La lezione singola deve essere pagata solo tramite Bizum o bonifico bancario entro le 14:00 dello stesso giorno della lezione.<\/p>\n<ol start=\"2\">\n<li><strong>Abbonamento mensile<\/strong><\/li>\n<\/ol>\n<p>Si paga all&#8217;inizio del mese ed \u00e8 valido fino all&#8217;ultimo giorno lavorativo dello stesso mese naturale. Potrai utilizzare il numero di lezioni mensili che hai scelto in base al tuo piano di studio e alle settimane didattiche del calendario (vedi\u00a0&#8220;<a href=\"https:\/\/el-puntazo.com\/it\/tutto-cio-che-devi-sapere-per-iniziare-le-tue-lezioni-di-tango-argentino\/\">COSTI<\/a>&#8221; 2025-2026).<\/p>\n<p>Ti consiglio questa opzione per garantirti il posto per tutto il mese e motivarti a essere costante, cos\u00ec da apprendere pi\u00f9 rapidamente!<\/p>\n<p>L&#8217;abbonamento mensile pu\u00f2 essere pagato al 50% alla prenotazione e al 50% in contante il primo giorno di lezione, oppure, se preferisci, tramite Bizum o bonifico. Se hai pagato una lezione di prova e poi decidi di iscriverti per il mese, dovrai solo pagare la differenza.<\/p>\n<ol start=\"3\">\n<li><strong>Abbonamento trimestrale<\/strong><\/li>\n<\/ol>\n<p>Si paga il 50% al momento della prenotazione e il 50% all&#8217;inizio delle lezioni ed \u00e8 valido fino all&#8217;ultimo giorno lavorativo del terzo mese. (Esempio: se inizi il 1\u00b0 febbraio, il tuo abbonamento \u00e8 valido fino al 30 aprile). Potrai utilizzare il numero di lezioni mensili che hai scelto in base al tuo piano di studio e alle settimane didattiche del calendario (se inizi dopo l&#8217;inizio del mese, per esempio, il 15 febbraio, avrai tempo fino all&#8217;ultimo giorno di aprile per consumare tutte le lezioni incluse nel pacchetto che hai scelto).<\/p>\n<p>Ti consiglio questa opzione per motivarti a essere costante e poter godere di un periodo pi\u00f9 ampio per consumare o recuperare le tue lezioni, oltre a uno sconto sulla tua tariffa mensile, per premiare la tua costanza!<\/p>\n<div><\/div>\n<p>L&#8217;abbonamento trimestrale pu\u00f2 essere pagato al 50% alla prenotazione e al 50% in contante il primo giorno di lezione, oppure, se preferisci, tramite Bizum o bonifico bancario. Se hai pagato una lezione di prova e poi decidi di iscriverti per il trimestre, dovrai solo pagare la differenza.<\/p>\n<\/div>\n<\/div>\n<\/div>\n<\/div>\n<\/div>\n<div class=\"flex-col gap-1 md:gap-3\">\n<div class=\"flex max-w-full flex-col flex-grow\">\n<div class=\"text-message flex w-full flex-col items-end gap-2 whitespace-normal break-words [.text-message+&amp;]:mt-5\" dir=\"auto\" data-message-author-role=\"assistant\" data-message-id=\"ac14a608-afaf-482a-be25-852feb7aa81f\">\n<div class=\"flex w-full flex-col gap-1 empty:hidden first:pt-[3px]\">\n<div class=\"markdown prose w-full break-words dark:prose-invert light\">\n<p><strong>E questo \u00e8 tutto&#8230;ora inizia a ballare!<\/strong><\/p>\n<p>Ricorda che per qualsiasi dubbio, domanda o suggerimento siamo a tua completa disposizione, di persona prima delle lezioni o tramite WhatsApp (+34 673908852), e-mail (<a rel=\"noopener\">info@el-puntazo.com<\/a>) o modulo di contatto sul sito <a href=\"http:\/\/www.francesca-vaccari-tango.com\" target=\"_new\" rel=\"noopener\">www.francesca-vaccari-tango.com<\/a>.<\/p>\n<p><strong>Abbracci tangueri!<\/strong><\/p>\n<p>Francesca<\/p>\n<p><a href=\"https:\/\/el-puntazo.com\/it\/prenota-la-tua-lezione-online\/\"><strong>Voglio iscrivermi ora<\/strong><\/a><\/p>\n<\/div>\n<\/div>\n<\/div>\n<\/div>\n<\/div>\n<\/div>\n<\/div><\/section>\n","protected":false},"excerpt":{"rendered":"","protected":false},"author":10,"featured_media":0,"parent":0,"menu_order":0,"comment_status":"closed","ping_status":"closed","template":"","meta":{"footnotes":""},"_links":{"self":[{"href":"https:\/\/el-puntazo.com\/it\/wp-json\/wp\/v2\/pages\/9390"}],"collection":[{"href":"https:\/\/el-puntazo.com\/it\/wp-json\/wp\/v2\/pages"}],"about":[{"href":"https:\/\/el-puntazo.com\/it\/wp-json\/wp\/v2\/types\/page"}],"author":[{"embeddable":true,"href":"https:\/\/el-puntazo.com\/it\/wp-json\/wp\/v2\/users\/10"}],"replies":[{"embeddable":true,"href":"https:\/\/el-puntazo.com\/it\/wp-json\/wp\/v2\/comments?post=9390"}],"version-history":[{"count":16,"href":"https:\/\/el-puntazo.com\/it\/wp-json\/wp\/v2\/pages\/9390\/revisions"}],"predecessor-version":[{"id":10680,"href":"https:\/\/el-puntazo.com\/it\/wp-json\/wp\/v2\/pages\/9390\/revisions\/10680"}],"wp:attachment":[{"href":"https:\/\/el-puntazo.com\/it\/wp-json\/wp\/v2\/media?parent=9390"}],"curies":[{"name":"wp","href":"https:\/\/api.w.org\/{rel}","templated":true}]}}